{"id":62,"date":"2021-04-29T13:46:34","date_gmt":"2021-04-29T13:46:34","guid":{"rendered":"https:\/\/marielaureemond.com\/?page_id=62"},"modified":"2024-07-30T12:26:37","modified_gmt":"2024-07-30T12:26:37","slug":"reflexologie","status":"publish","type":"page","link":"https:\/\/marielaureemond.com\/index.php\/reflexologie\/","title":{"rendered":"R\u00e9flexologie"},"content":{"rendered":"\t\t<div data-elementor-type=\"wp-page\" data-elementor-id=\"62\" class=\"elementor elementor-62\" data-elementor-settings=\"{&quot;ha_cmc_init_switcher&quot;:&quot;no&quot;}\" data-elementor-post-type=\"page\">\n\t\t\t\t\t\t<section class=\"elementor-section elementor-top-section elementor-element elementor-element-2fe28ea elementor-section-full_width elementor-section-height-min-height elementor-section-items-bottom elementor-section-height-default\" data-id=\"2fe28ea\" data-element_type=\"section\" data-e-type=\"section\" data-settings=\"{&quot;background_background&quot;:&quot;slideshow&quot;,&quot;background_slideshow_gallery&quot;:[{&quot;id&quot;:180,&quot;url&quot;:&quot;https:\\\/\\\/marielaureemond.com\\\/wp-content\\\/uploads\\\/2021\\\/07\\\/l-agroforesterie-des-arbres-dans-les-champs.jpg&quot;}],&quot;background_slideshow_loop&quot;:&quot;yes&quot;,&quot;background_slideshow_slide_duration&quot;:5000,&quot;background_slideshow_slide_transition&quot;:&quot;fade&quot;,&quot;background_slideshow_transition_duration&quot;:500,&quot;_ha_eqh_enable&quot;:false}\">\n\t\t\t\t\t\t<div class=\"elementor-container elementor-column-gap-default\">\n\t\t\t\t\t<div class=\"elementor-column elementor-col-100 elementor-top-column elementor-element elementor-element-e995450\" data-id=\"e995450\" data-element_type=\"column\" data-e-type=\"column\">\n\t\t\t<div class=\"elementor-widget-wrap\">\n\t\t\t\t\t\t\t<\/div>\n\t\t<\/div>\n\t\t\t\t\t<\/div>\n\t\t<\/section>\n\t\t\t\t<section class=\"elementor-section elementor-top-section elementor-element elementor-element-851b6eb elementor-section-height-min-height elementor-section-boxed elementor-section-height-default elementor-section-items-middle\" data-id=\"851b6eb\" data-element_type=\"section\" data-e-type=\"section\" data-settings=\"{&quot;_ha_eqh_enable&quot;:false}\">\n\t\t\t\t\t\t<div class=\"elementor-container elementor-column-gap-default\">\n\t\t\t\t\t<div class=\"elementor-column elementor-col-100 elementor-top-column elementor-element elementor-element-f7a1cfb\" data-id=\"f7a1cfb\" data-element_type=\"column\" data-e-type=\"column\">\n\t\t\t<div class=\"elementor-widget-wrap elementor-element-populated\">\n\t\t\t\t\t\t<div class=\"elementor-element elementor-element-b50a9ae elementor-widget elementor-widget-heading\" data-id=\"b50a9ae\" data-element_type=\"widget\" data-e-type=\"widget\" data-widget_type=\"heading.default\">\n\t\t\t\t<div class=\"elementor-widget-container\">\n\t\t\t\t\t<h2 class=\"elementor-heading-title elementor-size-xl\">Nos PIEDS sont nos RACINES<\/h2>\t\t\t\t<\/div>\n\t\t\t\t<\/div>\n\t\t\t\t\t<\/div>\n\t\t<\/div>\n\t\t\t\t\t<\/div>\n\t\t<\/section>\n\t\t\t\t<section class=\"elementor-section elementor-top-section elementor-element elementor-element-d89acd5 elementor-section-boxed elementor-section-height-default elementor-section-height-default\" data-id=\"d89acd5\" data-element_type=\"section\" data-e-type=\"section\" data-settings=\"{&quot;_ha_eqh_enable&quot;:false}\">\n\t\t\t\t\t\t<div class=\"elementor-container elementor-column-gap-default\">\n\t\t\t\t\t<div class=\"elementor-column elementor-col-50 elementor-top-column elementor-element elementor-element-8cb2329\" data-id=\"8cb2329\" data-element_type=\"column\" data-e-type=\"column\">\n\t\t\t<div class=\"elementor-widget-wrap elementor-element-populated\">\n\t\t\t\t\t\t<div class=\"elementor-element elementor-element-b875cfd elementor-widget elementor-widget-text-editor\" data-id=\"b875cfd\" data-element_type=\"widget\" data-e-type=\"widget\" data-widget_type=\"text-editor.default\">\n\t\t\t\t<div class=\"elementor-widget-container\">\n\t\t\t\t\t\t\t\t\t<p><strong><br><\/strong><\/p><p><strong>QU&rsquo;EST CE QUE LA REFLEXOLOGIE ?<\/strong><\/p>\n<p><strong style=\"font-size: 1rem; text-align: center;\"><span style=\"font-family: 'Segoe UI', sans-serif;\"><br><\/span><\/strong><\/p><p><strong style=\"font-size: 1rem; text-align: center;\"><span style=\"font-family: 'Segoe UI', sans-serif;\">La r\u00e9flexologie est une m\u00e9thode ancestrale de massage, issue de la m\u00e9decine traditionnelle chinoise, qui stim<\/span><\/strong><strong style=\"font-size: 1rem; text-align: center;\"><span style=\"font-family: 'Segoe UI', sans-serif;\">ule les points d\u2019acupression sur les pieds (plantaire), les mains (palmaire) et le visage (faciale).&nbsp;<\/span><\/strong><br><\/p><p><span style=\"font-family: &quot;Segoe UI&quot;, sans-serif; font-size: 1rem; text-align: center;\">En Occident, elle est le r\u00e9sultat des recherches effectu\u00e9es par des m\u00e9decins am\u00e9ricains, les Dr Head et Sir Mackensie (neurologues), et le Dr Fitzgerald (ORL), et nous pratiquons la m\u00e9thode d\u2019Eunice Ingham (kin\u00e9sith\u00e9rapeute) qui a repris et approfondit les travaux du Dr Fitzgerald. D\u2019autres th\u00e9ories compl\u00e9mentaires viennent expliquer les effets th\u00e9rapeutiques observ\u00e9s : l\u2019arc reflexe, les micro-syst\u00e8mes, la matrice extra-cellulaire, etc.&nbsp;<\/span><br><\/p>\n<p><span style=\"font-family: &quot;Segoe UI&quot;, sans-serif; text-align: center; font-size: 1rem;\">En stimulant ces points d\u2019acupression,&nbsp;<\/span><strong style=\"font-family: &quot;Segoe UI&quot;, sans-serif; text-align: center; font-size: 1rem;\">la r\u00e9flexologie a deux objectifs&nbsp;essentiels&nbsp;<\/strong><span style=\"font-family: &quot;Segoe UI&quot;, sans-serif; text-align: center; font-size: 1rem;\">: un objectif de&nbsp;<\/span><strong style=\"font-family: &quot;Segoe UI&quot;, sans-serif; text-align: center; font-size: 1rem;\">relaxation profonde&nbsp;<\/strong><span style=\"font-family: &quot;Segoe UI&quot;, sans-serif; text-align: center; font-size: 1rem;\">(rel\u00e2chement d&rsquo;endorphines gr\u00e2ce au massage) ainsi qu\u2019un objectif&nbsp;<\/span><strong style=\"font-family: &quot;Segoe UI&quot;, sans-serif; text-align: center; font-size: 1rem;\">th\u00e9rapeutique <\/strong><span style=\"font-family: &quot;Segoe UI&quot;, sans-serif; text-align: center; font-size: 1rem;\">(identifier et agir sur la cause des d\u00e9sordres physiques, psychiques, et fonctionnels pour r\u00e9tablir l\u2019auto-r\u00e9gulation naturelle du corps en stimulant les points d\u2019acupression).<\/span><\/p>\n<p><strong style=\"font-family: &quot;Segoe UI&quot;, sans-serif; text-align: center; font-size: 1rem;\"><br><\/strong><\/p>\t\t\t\t\t\t\t\t<\/div>\n\t\t\t\t<\/div>\n\t\t\t\t\t<\/div>\n\t\t<\/div>\n\t\t\t\t<div class=\"elementor-column elementor-col-50 elementor-top-column elementor-element elementor-element-5bc990d\" data-id=\"5bc990d\" data-element_type=\"column\" data-e-type=\"column\">\n\t\t\t<div class=\"elementor-widget-wrap elementor-element-populated\">\n\t\t\t\t\t\t<div class=\"elementor-element elementor-element-bf0d02b elementor-widget elementor-widget-image\" data-id=\"bf0d02b\" data-element_type=\"widget\" data-e-type=\"widget\" data-widget_type=\"image.default\">\n\t\t\t\t<div class=\"elementor-widget-container\">\n\t\t\t\t\t\t\t\t\t\t\t\t\t\t\t<img fetchpriority=\"high\" decoding=\"async\" width=\"800\" height=\"894\" src=\"https:\/\/marielaureemond.com\/wp-content\/uploads\/2023\/02\/71516838_113091033430600_5558014575279865856_o-916x1024.jpg\" class=\"attachment-large size-large wp-image-474\" alt=\"\" srcset=\"https:\/\/marielaureemond.com\/wp-content\/uploads\/2023\/02\/71516838_113091033430600_5558014575279865856_o-916x1024.jpg 916w, https:\/\/marielaureemond.com\/wp-content\/uploads\/2023\/02\/71516838_113091033430600_5558014575279865856_o-269x300.jpg 269w, https:\/\/marielaureemond.com\/wp-content\/uploads\/2023\/02\/71516838_113091033430600_5558014575279865856_o-768x858.jpg 768w, https:\/\/marielaureemond.com\/wp-content\/uploads\/2023\/02\/71516838_113091033430600_5558014575279865856_o.jpg 1202w\" sizes=\"(max-width: 800px) 100vw, 800px\" \/>\t\t\t\t\t\t\t\t\t\t\t\t\t\t\t<\/div>\n\t\t\t\t<\/div>\n\t\t\t\t\t<\/div>\n\t\t<\/div>\n\t\t\t\t\t<\/div>\n\t\t<\/section>\n\t\t\t\t<section class=\"elementor-section elementor-top-section elementor-element elementor-element-5d23a27 elementor-section-boxed elementor-section-height-default elementor-section-height-default\" data-id=\"5d23a27\" data-element_type=\"section\" data-e-type=\"section\" data-settings=\"{&quot;_ha_eqh_enable&quot;:false}\">\n\t\t\t\t\t\t<div class=\"elementor-container elementor-column-gap-default\">\n\t\t\t\t\t<div class=\"elementor-column elementor-col-50 elementor-top-column elementor-element elementor-element-1545f6a\" data-id=\"1545f6a\" data-element_type=\"column\" data-e-type=\"column\">\n\t\t\t<div class=\"elementor-widget-wrap elementor-element-populated\">\n\t\t\t\t\t\t<div class=\"elementor-element elementor-element-9ec5f3a elementor-widget elementor-widget-image\" data-id=\"9ec5f3a\" data-element_type=\"widget\" data-e-type=\"widget\" data-widget_type=\"image.default\">\n\t\t\t\t<div class=\"elementor-widget-container\">\n\t\t\t\t\t\t\t\t\t\t\t\t\t\t\t<img decoding=\"async\" width=\"800\" height=\"671\" src=\"https:\/\/marielaureemond.com\/wp-content\/uploads\/2022\/05\/Reflexologie-19.png\" class=\"attachment-large size-large wp-image-318\" alt=\"\" srcset=\"https:\/\/marielaureemond.com\/wp-content\/uploads\/2022\/05\/Reflexologie-19.png 940w, https:\/\/marielaureemond.com\/wp-content\/uploads\/2022\/05\/Reflexologie-19-300x251.png 300w, https:\/\/marielaureemond.com\/wp-content\/uploads\/2022\/05\/Reflexologie-19-768x644.png 768w\" sizes=\"(max-width: 800px) 100vw, 800px\" \/>\t\t\t\t\t\t\t\t\t\t\t\t\t\t\t<\/div>\n\t\t\t\t<\/div>\n\t\t\t\t\t<\/div>\n\t\t<\/div>\n\t\t\t\t<div class=\"elementor-column elementor-col-50 elementor-top-column elementor-element elementor-element-b810126\" data-id=\"b810126\" data-element_type=\"column\" data-e-type=\"column\">\n\t\t\t<div class=\"elementor-widget-wrap elementor-element-populated\">\n\t\t\t\t\t\t<div class=\"elementor-element elementor-element-76ef42a elementor-widget elementor-widget-menu-anchor\" data-id=\"76ef42a\" data-element_type=\"widget\" data-e-type=\"widget\" data-widget_type=\"menu-anchor.default\">\n\t\t\t\t<div class=\"elementor-widget-container\">\n\t\t\t\t\t\t\t<div class=\"elementor-menu-anchor\" id=\"reflexologieplantaire\"><\/div>\n\t\t\t\t\t\t<\/div>\n\t\t\t\t<\/div>\n\t\t\t\t<div class=\"elementor-element elementor-element-cfdc540 elementor-widget elementor-widget-text-editor\" data-id=\"cfdc540\" data-element_type=\"widget\" data-e-type=\"widget\" data-widget_type=\"text-editor.default\">\n\t\t\t\t<div class=\"elementor-widget-container\">\n\t\t\t\t\t\t\t\t\t<p>REFLEXOLOGIE PLANTAIRE<\/p><p><span style=\"font-size: 1rem;\">La s\u00e9ance de r\u00e9flexologie plantaire est une bulle de relaxation profonde, de reconnexion \u00e0 soi, \u00e0 son ancrage. G<\/span><span style=\"font-size: 1rem; text-align: center; font-family: 'Segoe UI', sans-serif;\">r\u00e2ce au massage des pieds, <\/span><span style=\"font-size: 1rem; text-align: center; font-family: 'Segoe UI', sans-serif;\">un rel\u00e2chement des hormones de d\u00e9tente s\u2019op\u00e8re (les endorphines), dans le corps du consultant. Celui-ci ressent une sensation de bien-\u00eatre, de l\u00e2cher prise mental et corporel. Le corps est d\u00e9tendu de la t\u00eate aux pieds !<\/span><\/p><p><span style=\"font-size: 1rem; text-align: center; font-family: 'Segoe UI', sans-serif;\">\u00ab\u00a0Avec la r\u00e9flexologie, on dit que les pieds sont plus souples et plus l\u00e9gers, le coeur et la t\u00eate le sont aussi \u00ab\u00a0<\/span><\/p><p><span style=\"font-size: 1rem;\">Dur\u00e9e de la s\u00e9ance\u00a0: 50 min<\/span><\/p><p><strong>Tarif\u00a0: 80 euros<\/strong><\/p>\t\t\t\t\t\t\t\t<\/div>\n\t\t\t\t<\/div>\n\t\t\t\t\t<\/div>\n\t\t<\/div>\n\t\t\t\t\t<\/div>\n\t\t<\/section>\n\t\t\t\t<section class=\"elementor-section elementor-top-section elementor-element elementor-element-4890d4b elementor-section-boxed elementor-section-height-default elementor-section-height-default\" data-id=\"4890d4b\" data-element_type=\"section\" data-e-type=\"section\" data-settings=\"{&quot;_ha_eqh_enable&quot;:false}\">\n\t\t\t\t\t\t<div class=\"elementor-container elementor-column-gap-default\">\n\t\t\t\t\t<div class=\"elementor-column elementor-col-50 elementor-top-column elementor-element elementor-element-a6f89c6\" data-id=\"a6f89c6\" data-element_type=\"column\" data-e-type=\"column\">\n\t\t\t<div class=\"elementor-widget-wrap elementor-element-populated\">\n\t\t\t\t\t\t<div class=\"elementor-element elementor-element-9735553 elementor-widget elementor-widget-menu-anchor\" data-id=\"9735553\" data-element_type=\"widget\" data-e-type=\"widget\" data-widget_type=\"menu-anchor.default\">\n\t\t\t\t<div class=\"elementor-widget-container\">\n\t\t\t\t\t\t\t<div class=\"elementor-menu-anchor\" id=\"reflexologiepalmaireetplantaire\"><\/div>\n\t\t\t\t\t\t<\/div>\n\t\t\t\t<\/div>\n\t\t\t\t<div class=\"elementor-element elementor-element-9f6e4ee elementor-widget elementor-widget-text-editor\" data-id=\"9f6e4ee\" data-element_type=\"widget\" data-e-type=\"widget\" data-widget_type=\"text-editor.default\">\n\t\t\t\t<div class=\"elementor-widget-container\">\n\t\t\t\t\t\t\t\t\t<p><strong>REFLEXOLOGIE PALMAIRE ET PLANTAIRE<\/strong><\/p><p>Savez-vous que nous nous massons instinctivement la zone r\u00e9flexe du diaphragme lorsque nous nous frottons les mains\u00a0?\u00a0<\/p><p>Je vous propose une <strong>formule \u00ab\u00a0D\u00e9tente pieds et mains \u00bb<\/strong>\u00a0: un massage des pieds (25min) et des mains (25min) pour un moment suspendu de relaxation profonde, alliant r\u00e9flexologie plantaire et palmaire.\u00a0 Une heure pour soi et pause vitale dans nos soci\u00e9t\u00e9s actuelles.<\/p><p><strong>Dur\u00e9e de la s\u00e9ance\u00a0: 50 min <\/strong><\/p><p><strong>Tarif\u00a0: 80 euros<\/strong><\/p>\t\t\t\t\t\t\t\t<\/div>\n\t\t\t\t<\/div>\n\t\t\t\t\t<\/div>\n\t\t<\/div>\n\t\t\t\t<div class=\"elementor-column elementor-col-50 elementor-top-column elementor-element elementor-element-e3a0b7b\" data-id=\"e3a0b7b\" data-element_type=\"column\" data-e-type=\"column\">\n\t\t\t<div class=\"elementor-widget-wrap elementor-element-populated\">\n\t\t\t\t\t\t<div class=\"elementor-element elementor-element-c1addb7 elementor-widget elementor-widget-image\" data-id=\"c1addb7\" data-element_type=\"widget\" data-e-type=\"widget\" data-widget_type=\"image.default\">\n\t\t\t\t<div class=\"elementor-widget-container\">\n\t\t\t\t\t\t\t\t\t\t\t\t\t\t\t<img decoding=\"async\" width=\"800\" height=\"671\" src=\"https:\/\/marielaureemond.com\/wp-content\/uploads\/2022\/05\/Reflexologie-21.png\" class=\"attachment-large size-large wp-image-322\" alt=\"\" srcset=\"https:\/\/marielaureemond.com\/wp-content\/uploads\/2022\/05\/Reflexologie-21.png 940w, https:\/\/marielaureemond.com\/wp-content\/uploads\/2022\/05\/Reflexologie-21-300x251.png 300w, https:\/\/marielaureemond.com\/wp-content\/uploads\/2022\/05\/Reflexologie-21-768x644.png 768w\" sizes=\"(max-width: 800px) 100vw, 800px\" \/>\t\t\t\t\t\t\t\t\t\t\t\t\t\t\t<\/div>\n\t\t\t\t<\/div>\n\t\t\t\t\t<\/div>\n\t\t<\/div>\n\t\t\t\t\t<\/div>\n\t\t<\/section>\n\t\t\t\t<section class=\"elementor-section elementor-top-section elementor-element elementor-element-8418d46 elementor-section-boxed elementor-section-height-default elementor-section-height-default\" data-id=\"8418d46\" data-element_type=\"section\" data-e-type=\"section\" data-settings=\"{&quot;_ha_eqh_enable&quot;:false}\">\n\t\t\t\t\t\t<div class=\"elementor-container elementor-column-gap-default\">\n\t\t\t\t\t<div class=\"elementor-column elementor-col-50 elementor-top-column elementor-element elementor-element-df6391d\" data-id=\"df6391d\" data-element_type=\"column\" data-e-type=\"column\">\n\t\t\t<div class=\"elementor-widget-wrap elementor-element-populated\">\n\t\t\t\t\t\t<div class=\"elementor-element elementor-element-110ef09 elementor-widget elementor-widget-image\" data-id=\"110ef09\" data-element_type=\"widget\" data-e-type=\"widget\" data-widget_type=\"image.default\">\n\t\t\t\t<div class=\"elementor-widget-container\">\n\t\t\t\t\t\t\t\t\t\t\t\t\t\t\t<img loading=\"lazy\" decoding=\"async\" width=\"800\" height=\"507\" src=\"https:\/\/marielaureemond.com\/wp-content\/uploads\/2022\/05\/Capture-decran-2022-05-03-223920-1024x649.png\" class=\"attachment-large size-large wp-image-263\" alt=\"\" srcset=\"https:\/\/marielaureemond.com\/wp-content\/uploads\/2022\/05\/Capture-decran-2022-05-03-223920-1024x649.png 1024w, https:\/\/marielaureemond.com\/wp-content\/uploads\/2022\/05\/Capture-decran-2022-05-03-223920-300x190.png 300w, https:\/\/marielaureemond.com\/wp-content\/uploads\/2022\/05\/Capture-decran-2022-05-03-223920-768x487.png 768w, https:\/\/marielaureemond.com\/wp-content\/uploads\/2022\/05\/Capture-decran-2022-05-03-223920.png 1060w\" sizes=\"(max-width: 800px) 100vw, 800px\" \/>\t\t\t\t\t\t\t\t\t\t\t\t\t\t\t<\/div>\n\t\t\t\t<\/div>\n\t\t\t\t\t<\/div>\n\t\t<\/div>\n\t\t\t\t<div class=\"elementor-column elementor-col-50 elementor-top-column elementor-element elementor-element-0e3f7f8\" data-id=\"0e3f7f8\" data-element_type=\"column\" data-e-type=\"column\">\n\t\t\t<div class=\"elementor-widget-wrap elementor-element-populated\">\n\t\t\t\t\t\t<div class=\"elementor-element elementor-element-d92f983 elementor-widget elementor-widget-menu-anchor\" data-id=\"d92f983\" data-element_type=\"widget\" data-e-type=\"widget\" data-widget_type=\"menu-anchor.default\">\n\t\t\t\t<div class=\"elementor-widget-container\">\n\t\t\t\t\t\t\t<div class=\"elementor-menu-anchor\" id=\"reflexologiefaciale\"><\/div>\n\t\t\t\t\t\t<\/div>\n\t\t\t\t<\/div>\n\t\t\t\t<div class=\"elementor-element elementor-element-ef1b2de elementor-widget elementor-widget-text-editor\" data-id=\"ef1b2de\" data-element_type=\"widget\" data-e-type=\"widget\" data-widget_type=\"text-editor.default\">\n\t\t\t\t<div class=\"elementor-widget-container\">\n\t\t\t\t\t\t\t\t\t<p>Lors de la s\u00e9ance en<strong> r\u00e9flexologie faciale, <\/strong>je vous propose un massage relaxant du visage (diff\u00e9rents mouvements sur le visage, le cr\u00e2ne et le cou) pour apaiser les tensions, relaxer, purifier la peau, stimuler les zones r\u00e9flexes de l\u2019organisme (syst\u00e8mes nerveux, moteur, digestif, \u00e9monctoire, \u2026).&nbsp; L\u2019effet de ce massage est drainant et liftant.&nbsp; Certaines zones r\u00e9flexes sont plus sensibles sur le visage que sur les pieds, car les couches \u00e9pidermiques sont plus fines. En stimulant la circulation sanguine au niveau du front (n\u00e9ocortex), la r\u00e9flexologie faciale favorise \u00e9galement le l\u00e2cher prise, le prise des d\u00e9cisions, quelque que soit le domaine (sentimental, professionnel, etc).&nbsp; Elle est par cons\u00e9quent une bonne option pour les personnes qui se sentent ind\u00e9cises ou perdues dans leurs \u00e9motions.<\/p>\n<p><span style=\"background-color: transparent;\">Certifi\u00e9e en soins Access Bars, je propose \u00e9galement des soins d\u2019acupression sur le cr\u00e2ne pour une bulle relaxante et bienveillante, pleine de partage et de ressourcement.<\/span><\/p>\n<p><strong>Dur\u00e9e de la s\u00e9ance&nbsp;: 50 min <\/strong><\/p>\n<p><strong>Tarif&nbsp;: 80 euros<\/strong><\/p>\t\t\t\t\t\t\t\t<\/div>\n\t\t\t\t<\/div>\n\t\t\t\t\t<\/div>\n\t\t<\/div>\n\t\t\t\t\t<\/div>\n\t\t<\/section>\n\t\t\t\t<section class=\"elementor-section elementor-top-section elementor-element elementor-element-5e35b6c elementor-section-boxed elementor-section-height-default elementor-section-height-default\" data-id=\"5e35b6c\" data-element_type=\"section\" data-e-type=\"section\" data-settings=\"{&quot;_ha_eqh_enable&quot;:false}\">\n\t\t\t\t\t\t<div class=\"elementor-container elementor-column-gap-default\">\n\t\t\t\t\t<div class=\"elementor-column elementor-col-50 elementor-top-column elementor-element elementor-element-84b8d40\" data-id=\"84b8d40\" data-element_type=\"column\" data-e-type=\"column\">\n\t\t\t<div class=\"elementor-widget-wrap elementor-element-populated\">\n\t\t\t\t\t\t<div class=\"elementor-element elementor-element-ee494e9 elementor-widget elementor-widget-menu-anchor\" data-id=\"ee494e9\" data-element_type=\"widget\" data-e-type=\"widget\" data-widget_type=\"menu-anchor.default\">\n\t\t\t\t<div class=\"elementor-widget-container\">\n\t\t\t\t\t\t\t<div class=\"elementor-menu-anchor\" id=\"reflexologieentreprise\"><\/div>\n\t\t\t\t\t\t<\/div>\n\t\t\t\t<\/div>\n\t\t\t\t<div class=\"elementor-element elementor-element-f00b53c elementor-widget elementor-widget-text-editor\" data-id=\"f00b53c\" data-element_type=\"widget\" data-e-type=\"widget\" data-widget_type=\"text-editor.default\">\n\t\t\t\t<div class=\"elementor-widget-container\">\n\t\t\t\t\t\t\t\t\t<p>Envie d\u2019offrir un moment de d\u00e9tente et de contribuer au bien-\u00eatre de vos employ\u00e9s\u00a0? \u00a0Je travaille \u00e9galement en entreprise, en Belgique et \u00e0 Luxembourg, lors de team building, journ\u00e9es portes-ouvertes ou au sein de votre entreprise, sur demande. N\u2019h\u00e9sitez pas \u00e0 prendre contact avec moi pour offrir un moment unique et original \u00e0 votre entreprise.<\/p>\t\t\t\t\t\t\t\t<\/div>\n\t\t\t\t<\/div>\n\t\t\t\t\t<\/div>\n\t\t<\/div>\n\t\t\t\t<div class=\"elementor-column elementor-col-50 elementor-top-column elementor-element elementor-element-37ea7b2\" data-id=\"37ea7b2\" data-element_type=\"column\" data-e-type=\"column\">\n\t\t\t<div class=\"elementor-widget-wrap elementor-element-populated\">\n\t\t\t\t\t\t<div class=\"elementor-element elementor-element-216c39f elementor-widget elementor-widget-image\" data-id=\"216c39f\" data-element_type=\"widget\" data-e-type=\"widget\" data-widget_type=\"image.default\">\n\t\t\t\t<div class=\"elementor-widget-container\">\n\t\t\t\t\t\t\t\t\t\t\t\t\t\t\t<img loading=\"lazy\" decoding=\"async\" width=\"800\" height=\"671\" src=\"https:\/\/marielaureemond.com\/wp-content\/uploads\/2022\/05\/Reflexologie-23.png\" class=\"attachment-large size-large wp-image-329\" alt=\"\" srcset=\"https:\/\/marielaureemond.com\/wp-content\/uploads\/2022\/05\/Reflexologie-23.png 940w, https:\/\/marielaureemond.com\/wp-content\/uploads\/2022\/05\/Reflexologie-23-300x251.png 300w, https:\/\/marielaureemond.com\/wp-content\/uploads\/2022\/05\/Reflexologie-23-768x644.png 768w\" sizes=\"(max-width: 800px) 100vw, 800px\" \/>\t\t\t\t\t\t\t\t\t\t\t\t\t\t\t<\/div>\n\t\t\t\t<\/div>\n\t\t\t\t\t<\/div>\n\t\t<\/div>\n\t\t\t\t\t<\/div>\n\t\t<\/section>\n\t\t\t\t<section class=\"elementor-section elementor-top-section elementor-element elementor-element-19cf2b2 elementor-section-boxed elementor-section-height-default elementor-section-height-default\" data-id=\"19cf2b2\" data-element_type=\"section\" data-e-type=\"section\" data-settings=\"{&quot;_ha_eqh_enable&quot;:false}\">\n\t\t\t\t\t\t<div class=\"elementor-container elementor-column-gap-default\">\n\t\t\t\t\t<div class=\"elementor-column elementor-col-100 elementor-top-column elementor-element elementor-element-c505e23\" data-id=\"c505e23\" data-element_type=\"column\" data-e-type=\"column\">\n\t\t\t<div class=\"elementor-widget-wrap\">\n\t\t\t\t\t\t\t<\/div>\n\t\t<\/div>\n\t\t\t\t\t<\/div>\n\t\t<\/section>\n\t\t\t\t<section class=\"elementor-section elementor-top-section elementor-element elementor-element-52bba34 elementor-section-boxed elementor-section-height-default elementor-section-height-default\" data-id=\"52bba34\" data-element_type=\"section\" data-e-type=\"section\" data-settings=\"{&quot;_ha_eqh_enable&quot;:false}\">\n\t\t\t\t\t\t<div class=\"elementor-container elementor-column-gap-default\">\n\t\t\t\t\t<div class=\"elementor-column elementor-col-100 elementor-top-column elementor-element elementor-element-d2a689b\" data-id=\"d2a689b\" data-element_type=\"column\" data-e-type=\"column\">\n\t\t\t<div class=\"elementor-widget-wrap elementor-element-populated\">\n\t\t\t\t\t\t<div class=\"elementor-element elementor-element-8f73de1 elementor-widget elementor-widget-text-editor\" data-id=\"8f73de1\" data-element_type=\"widget\" data-e-type=\"widget\" data-widget_type=\"text-editor.default\">\n\t\t\t\t<div class=\"elementor-widget-container\">\n\t\t\t\t\t\t\t\t\t<h5>ATTENTION : La r\u00e9flexologie n&rsquo;est pas r\u00e9glement\u00e9e et n&rsquo;est pas une pratique d&rsquo;une profession de sant\u00e9.&nbsp;<\/h5>\n<h5>La r\u00e9flexologie est une m\u00e9thode BIEN-ETRE, douce et naturelle de massage issue de la m\u00e9decine traditionnelle chinoise.<\/h5><h5>Le r\u00e9flexologue ne fait en aucun cas de diagnostic m\u00e9dical, et encourage son client \u00e0 consulter un professionnel de la sant\u00e9 si n\u00e9cessaire.<\/h5>\t\t\t\t\t\t\t\t<\/div>\n\t\t\t\t<\/div>\n\t\t\t\t\t<\/div>\n\t\t<\/div>\n\t\t\t\t\t<\/div>\n\t\t<\/section>\n\t\t\t\t<\/div>\n\t\t","protected":false},"excerpt":{"rendered":"<p>Nos PIEDS sont nos RACINES QU&rsquo;EST CE QUE LA REFLEXOLOGIE ? La r\u00e9flexologie est une m\u00e9thode ancestrale de massage, issue de la m\u00e9decine traditionnelle chinoise, qui stimule les points d\u2019acupression sur les pieds (plantaire), les mains (palmaire) et le visage (faciale).&nbsp; En Occident, elle est le r\u00e9sultat des recherches effectu\u00e9es par des m\u00e9decins am\u00e9ricains, les [&hellip;]<\/p>\n","protected":false},"author":1,"featured_media":0,"parent":0,"menu_order":0,"comment_status":"closed","ping_status":"closed","template":"","meta":{"_seopress_robots_primary_cat":"","_seopress_titles_title":"","_seopress_titles_desc":"","_seopress_robots_index":"","_seopress_analysis_target_kw":"","footnotes":""},"class_list":["post-62","page","type-page","status-publish","hentry"],"_links":{"self":[{"href":"https:\/\/marielaureemond.com\/index.php\/wp-json\/wp\/v2\/pages\/62","targetHints":{"allow":["GET"]}}],"collection":[{"href":"https:\/\/marielaureemond.com\/index.php\/wp-json\/wp\/v2\/pages"}],"about":[{"href":"https:\/\/marielaureemond.com\/index.php\/wp-json\/wp\/v2\/types\/page"}],"author":[{"embeddable":true,"href":"https:\/\/marielaureemond.com\/index.php\/wp-json\/wp\/v2\/users\/1"}],"replies":[{"embeddable":true,"href":"https:\/\/marielaureemond.com\/index.php\/wp-json\/wp\/v2\/comments?post=62"}],"version-history":[{"count":97,"href":"https:\/\/marielaureemond.com\/index.php\/wp-json\/wp\/v2\/pages\/62\/revisions"}],"predecessor-version":[{"id":556,"href":"https:\/\/marielaureemond.com\/index.php\/wp-json\/wp\/v2\/pages\/62\/revisions\/556"}],"wp:attachment":[{"href":"https:\/\/marielaureemond.com\/index.php\/wp-json\/wp\/v2\/media?parent=62"}],"curies":[{"name":"wp","href":"https:\/\/api.w.org\/{rel}","templated":true}]}}