{"id":51,"date":"2021-04-29T13:12:27","date_gmt":"2021-04-29T13:12:27","guid":{"rendered":"https:\/\/marielaureemond.com\/?page_id=51"},"modified":"2023-02-02T14:11:50","modified_gmt":"2023-02-02T14:11:50","slug":"home-page","status":"publish","type":"page","link":"https:\/\/marielaureemond.com\/","title":{"rendered":"Home Page"},"content":{"rendered":"\t\t<div data-elementor-type=\"wp-page\" data-elementor-id=\"51\" class=\"elementor elementor-51\" data-elementor-settings=\"{&quot;ha_cmc_init_switcher&quot;:&quot;no&quot;}\" data-elementor-post-type=\"page\">\n\t\t\t\t\t\t<section class=\"elementor-section elementor-top-section elementor-element elementor-element-e6bf072 elementor-section-height-min-height elementor-section-items-bottom elementor-section-full_width elementor-section-height-default\" data-id=\"e6bf072\" data-element_type=\"section\" data-e-type=\"section\" data-settings=\"{&quot;background_background&quot;:&quot;slideshow&quot;,&quot;background_slideshow_gallery&quot;:[{&quot;id&quot;:181,&quot;url&quot;:&quot;https:\\\/\\\/marielaureemond.com\\\/wp-content\\\/uploads\\\/2021\\\/07\\\/les_plus_beaux_arbres_du_monde_hetre_de_ponthus.png&quot;},{&quot;id&quot;:301,&quot;url&quot;:&quot;https:\\\/\\\/marielaureemond.com\\\/wp-content\\\/uploads\\\/2022\\\/05\\\/Capture-decran-2022-05-03-232902.png&quot;},{&quot;id&quot;:213,&quot;url&quot;:&quot;https:\\\/\\\/marielaureemond.com\\\/wp-content\\\/uploads\\\/2022\\\/05\\\/z_MA15CA184250X8MP9M-64e64e95a7-43.jpg&quot;},{&quot;id&quot;:300,&quot;url&quot;:&quot;https:\\\/\\\/marielaureemond.com\\\/wp-content\\\/uploads\\\/2022\\\/05\\\/Capture-decran-2022-05-03-232823.png&quot;},{&quot;id&quot;:299,&quot;url&quot;:&quot;https:\\\/\\\/marielaureemond.com\\\/wp-content\\\/uploads\\\/2022\\\/05\\\/Capture-decran-2022-05-03-232757.png&quot;},{&quot;id&quot;:302,&quot;url&quot;:&quot;https:\\\/\\\/marielaureemond.com\\\/wp-content\\\/uploads\\\/2022\\\/05\\\/Capture-decran-2022-05-03-233001.png&quot;}],&quot;background_slideshow_transition_duration&quot;:494,&quot;background_slideshow_loop&quot;:&quot;yes&quot;,&quot;background_slideshow_slide_duration&quot;:5000,&quot;background_slideshow_slide_transition&quot;:&quot;fade&quot;,&quot;_ha_eqh_enable&quot;:false}\">\n\t\t\t\t\t\t<div class=\"elementor-container elementor-column-gap-no\">\n\t\t\t\t\t<div class=\"elementor-column elementor-col-100 elementor-top-column elementor-element elementor-element-46a3ad4\" data-id=\"46a3ad4\" data-element_type=\"column\" data-e-type=\"column\">\n\t\t\t<div class=\"elementor-widget-wrap\">\n\t\t\t\t\t\t\t<\/div>\n\t\t<\/div>\n\t\t\t\t\t<\/div>\n\t\t<\/section>\n\t\t\t\t<section class=\"elementor-section elementor-top-section elementor-element elementor-element-cc3012c elementor-section-full_width elementor-section-height-default elementor-section-height-default\" data-id=\"cc3012c\" data-element_type=\"section\" data-e-type=\"section\" data-settings=\"{&quot;background_background&quot;:&quot;slideshow&quot;,&quot;background_slideshow_gallery&quot;:[],&quot;background_slideshow_loop&quot;:&quot;yes&quot;,&quot;background_slideshow_slide_duration&quot;:5000,&quot;background_slideshow_slide_transition&quot;:&quot;fade&quot;,&quot;background_slideshow_transition_duration&quot;:500,&quot;_ha_eqh_enable&quot;:false}\">\n\t\t\t\t\t\t<div class=\"elementor-container elementor-column-gap-default\">\n\t\t\t\t\t<div class=\"elementor-column elementor-col-50 elementor-top-column elementor-element elementor-element-e7bfb6c\" data-id=\"e7bfb6c\" data-element_type=\"column\" data-e-type=\"column\" data-settings=\"{&quot;background_background&quot;:&quot;slideshow&quot;,&quot;background_slideshow_gallery&quot;:[],&quot;background_slideshow_loop&quot;:&quot;yes&quot;,&quot;background_slideshow_slide_duration&quot;:5000,&quot;background_slideshow_slide_transition&quot;:&quot;fade&quot;,&quot;background_slideshow_transition_duration&quot;:500}\">\n\t\t\t<div class=\"elementor-widget-wrap elementor-element-populated\">\n\t\t\t\t\t\t<div class=\"elementor-element elementor-element-b350db7 elementor-widget elementor-widget-heading\" data-id=\"b350db7\" data-element_type=\"widget\" data-e-type=\"widget\" data-widget_type=\"heading.default\">\n\t\t\t\t<div class=\"elementor-widget-container\">\n\t\t\t\t\t<h2 class=\"elementor-heading-title elementor-size-default\">Multi-R\u00e9flexologie<\/h2>\t\t\t\t<\/div>\n\t\t\t\t<\/div>\n\t\t\t\t<div class=\"elementor-element elementor-element-0c2e0f2 elementor-align-center elementor-widget elementor-widget-button\" data-id=\"0c2e0f2\" data-element_type=\"widget\" data-e-type=\"widget\" data-widget_type=\"button.default\">\n\t\t\t\t<div class=\"elementor-widget-container\">\n\t\t\t\t\t\t\t\t\t<div class=\"elementor-button-wrapper\">\n\t\t\t\t\t<a class=\"elementor-button elementor-button-link elementor-size-sm\" href=\"\">\n\t\t\t\t\t\t<span class=\"elementor-button-content-wrapper\">\n\t\t\t\t\t\t\t\t\t<span class=\"elementor-button-text\">En savoir plus<\/span>\n\t\t\t\t\t<\/span>\n\t\t\t\t\t<\/a>\n\t\t\t\t<\/div>\n\t\t\t\t\t\t\t\t<\/div>\n\t\t\t\t<\/div>\n\t\t\t\t\t<\/div>\n\t\t<\/div>\n\t\t\t\t<div class=\"elementor-column elementor-col-50 elementor-top-column elementor-element elementor-element-2fd2ef8\" data-id=\"2fd2ef8\" data-element_type=\"column\" data-e-type=\"column\" data-settings=\"{&quot;background_background&quot;:&quot;slideshow&quot;,&quot;background_slideshow_gallery&quot;:[],&quot;background_slideshow_loop&quot;:&quot;yes&quot;,&quot;background_slideshow_slide_duration&quot;:5000,&quot;background_slideshow_slide_transition&quot;:&quot;fade&quot;,&quot;background_slideshow_transition_duration&quot;:500}\">\n\t\t\t<div class=\"elementor-widget-wrap elementor-element-populated\">\n\t\t\t\t\t\t<div class=\"elementor-element elementor-element-dba87e6 elementor-widget elementor-widget-heading\" data-id=\"dba87e6\" data-element_type=\"widget\" data-e-type=\"widget\" data-widget_type=\"heading.default\">\n\t\t\t\t<div class=\"elementor-widget-container\">\n\t\t\t\t\t<h2 class=\"elementor-heading-title elementor-size-default\">Soins Maman-b\u00e9b\u00e9<\/h2>\t\t\t\t<\/div>\n\t\t\t\t<\/div>\n\t\t\t\t<div class=\"elementor-element elementor-element-ca580bd elementor-align-center elementor-widget elementor-widget-button\" data-id=\"ca580bd\" data-element_type=\"widget\" data-e-type=\"widget\" data-widget_type=\"button.default\">\n\t\t\t\t<div class=\"elementor-widget-container\">\n\t\t\t\t\t\t\t\t\t<div class=\"elementor-button-wrapper\">\n\t\t\t\t\t<a class=\"elementor-button elementor-button-link elementor-size-sm\" href=\"\">\n\t\t\t\t\t\t<span class=\"elementor-button-content-wrapper\">\n\t\t\t\t\t\t\t\t\t<span class=\"elementor-button-text\">En savoir plus<\/span>\n\t\t\t\t\t<\/span>\n\t\t\t\t\t<\/a>\n\t\t\t\t<\/div>\n\t\t\t\t\t\t\t\t<\/div>\n\t\t\t\t<\/div>\n\t\t\t\t\t<\/div>\n\t\t<\/div>\n\t\t\t\t\t<\/div>\n\t\t<\/section>\n\t\t\t\t<section class=\"elementor-section elementor-top-section elementor-element elementor-element-ec5191e elementor-section-boxed elementor-section-height-default elementor-section-height-default\" data-id=\"ec5191e\" data-element_type=\"section\" data-e-type=\"section\" data-settings=\"{&quot;_ha_eqh_enable&quot;:false}\">\n\t\t\t\t\t\t<div class=\"elementor-container elementor-column-gap-default\">\n\t\t\t\t\t<div class=\"elementor-column elementor-col-100 elementor-top-column elementor-element elementor-element-31720af\" data-id=\"31720af\" data-element_type=\"column\" data-e-type=\"column\">\n\t\t\t<div class=\"elementor-widget-wrap elementor-element-populated\">\n\t\t\t\t\t\t<div class=\"elementor-element elementor-element-15285f9 elementor-widget elementor-widget-image\" data-id=\"15285f9\" data-element_type=\"widget\" data-e-type=\"widget\" data-widget_type=\"image.default\">\n\t\t\t\t<div class=\"elementor-widget-container\">\n\t\t\t\t\t\t\t\t\t\t\t\t\t\t\t<img fetchpriority=\"high\" decoding=\"async\" width=\"800\" height=\"304\" src=\"https:\/\/marielaureemond.com\/wp-content\/uploads\/2022\/11\/couverture-FB-MLE.png\" class=\"attachment-large size-large wp-image-421\" alt=\"\" srcset=\"https:\/\/marielaureemond.com\/wp-content\/uploads\/2022\/11\/couverture-FB-MLE.png 828w, https:\/\/marielaureemond.com\/wp-content\/uploads\/2022\/11\/couverture-FB-MLE-300x114.png 300w, https:\/\/marielaureemond.com\/wp-content\/uploads\/2022\/11\/couverture-FB-MLE-768x292.png 768w\" sizes=\"(max-width: 800px) 100vw, 800px\" \/>\t\t\t\t\t\t\t\t\t\t\t\t\t\t\t<\/div>\n\t\t\t\t<\/div>\n\t\t\t\t<div class=\"elementor-element elementor-element-f7b3c97 elementor-testimonial--skin-default elementor-testimonial--layout-image_inline elementor-testimonial--align-center elementor-arrows-yes elementor-pagination-type-bullets elementor-widget elementor-widget-testimonial-carousel\" data-id=\"f7b3c97\" data-element_type=\"widget\" data-e-type=\"widget\" data-settings=\"{&quot;speed&quot;:5000,&quot;show_arrows&quot;:&quot;yes&quot;,&quot;pagination&quot;:&quot;bullets&quot;,&quot;autoplay&quot;:&quot;yes&quot;,&quot;autoplay_speed&quot;:5000,&quot;loop&quot;:&quot;yes&quot;,&quot;pause_on_hover&quot;:&quot;yes&quot;,&quot;pause_on_interaction&quot;:&quot;yes&quot;,&quot;space_between&quot;:{&quot;unit&quot;:&quot;px&quot;,&quot;size&quot;:10,&quot;sizes&quot;:[]},&quot;space_between_tablet&quot;:{&quot;unit&quot;:&quot;px&quot;,&quot;size&quot;:10,&quot;sizes&quot;:[]},&quot;space_between_mobile&quot;:{&quot;unit&quot;:&quot;px&quot;,&quot;size&quot;:10,&quot;sizes&quot;:[]}}\" data-widget_type=\"testimonial-carousel.default\">\n\t\t\t\t<div class=\"elementor-widget-container\">\n\t\t\t\t\t\t\t\t\t<div class=\"elementor-swiper\">\n\t\t\t\t\t<div class=\"elementor-main-swiper swiper\" role=\"region\" aria-roledescription=\"carousel\" aria-label=\"Diapositives\">\n\t\t\t\t<div class=\"swiper-wrapper\">\n\t\t\t\t\t\t\t\t\t\t\t<div class=\"swiper-slide\" role=\"group\" aria-roledescription=\"slide\">\n\t\t\t\t\t\t\t\t\t<div class=\"elementor-testimonial\">\n\t\t\t\t\t\t\t<div class=\"elementor-testimonial__content\">\n\t\t\t\t\t<div class=\"elementor-testimonial__text\">\n\t\t\t\t\t\t\"J\u2019ai pass\u00e9 de tr\u00e8s bons moments de d\u00e9tente gr\u00e2ce aux conseils, \u00e0 l\u2019\u00e9coute et aux techniques de r\u00e9flexologie plantaire. Je le conseille \u00e0 toutes les mamans actives, prendre quelques heures pour se ressourcer! Merci beaucoup Marie-Laure! \"\t\t\t\t\t<\/div>\n\t\t\t\t\t\t\t\t\t<\/div>\n\t\t\t\t\t\t<div class=\"elementor-testimonial__footer\">\n\t\t\t\t\t\t\t\t\t<div class=\"elementor-testimonial__image\">\n\t\t\t\t\t\t<img decoding=\"async\" src=\"https:\/\/marielaureemond.com\/wp-content\/plugins\/elementor\/assets\/images\/placeholder.png\" alt=\"Florence Daune\">\n\t\t\t\t\t\t\t\t\t\t\t<\/div>\n\t\t\t\t\t\t\t\t<cite class=\"elementor-testimonial__cite\"><span class=\"elementor-testimonial__name\">Florence Daune<\/span><\/cite>\t\t\t<\/div>\n\t\t<\/div>\n\t\t\t\t\t\t\t\t<\/div>\n\t\t\t\t\t\t\t\t\t\t\t<div class=\"swiper-slide\" role=\"group\" aria-roledescription=\"slide\">\n\t\t\t\t\t\t\t\t\t<div class=\"elementor-testimonial\">\n\t\t\t\t\t\t\t<div class=\"elementor-testimonial__content\">\n\t\t\t\t\t<div class=\"elementor-testimonial__text\">\n\t\t\t\t\t\t\"Marie-Laure nous a appris \u00e0 porter notre b\u00e9b\u00e9 de mani\u00e8re physiologique en toute s\u00e9curit\u00e9. Ce fut un chouette atelier et Marie-Laure est tr\u00e8s douce et donne de bonnes explications. Nous la recommandons vivement. Merci beaucoup! \"\t\t\t\t\t<\/div>\n\t\t\t\t\t\t\t\t\t<\/div>\n\t\t\t\t\t\t<div class=\"elementor-testimonial__footer\">\n\t\t\t\t\t\t\t\t\t<div class=\"elementor-testimonial__image\">\n\t\t\t\t\t\t<img decoding=\"async\" src=\"https:\/\/marielaureemond.com\/wp-content\/plugins\/elementor\/assets\/images\/placeholder.png\" alt=\"Alison Morandini\">\n\t\t\t\t\t\t\t\t\t\t\t<\/div>\n\t\t\t\t\t\t\t\t<cite class=\"elementor-testimonial__cite\"><span class=\"elementor-testimonial__name\">Alison Morandini<\/span><\/cite>\t\t\t<\/div>\n\t\t<\/div>\n\t\t\t\t\t\t\t\t<\/div>\n\t\t\t\t\t\t\t\t\t\t\t<div class=\"swiper-slide\" role=\"group\" aria-roledescription=\"slide\">\n\t\t\t\t\t\t\t\t\t<div class=\"elementor-testimonial\">\n\t\t\t\t\t\t\t<div class=\"elementor-testimonial__content\">\n\t\t\t\t\t<div class=\"elementor-testimonial__text\">\n\t\t\t\t\t\t\"Je recommande \u00e0 100%. J'ai eu le plaisir de participer \u00e0 une s\u00e9ance portage b\u00e9b\u00e9 et \u00e0 3 s\u00e9ances massages b\u00e9b\u00e9 ! Juste top! Et le massage m'a permis d'apprendre les gestes pour pouvoir les reproduire \u00e0 la maison mais ces 3 s\u00e9ances m'ont aussi permis de pouvoir passer un moment seule avec ma petite fille. Quant \u00e0 Marie-Laure, une personne au top, tr\u00e8s douce et \u00e0 l'\u00e9coute. C'\u00e9tait parfait ! \"\t\t\t\t\t<\/div>\n\t\t\t\t\t\t\t\t\t<\/div>\n\t\t\t\t\t\t<div class=\"elementor-testimonial__footer\">\n\t\t\t\t\t\t\t\t\t<div class=\"elementor-testimonial__image\">\n\t\t\t\t\t\t<img decoding=\"async\" src=\"https:\/\/marielaureemond.com\/wp-content\/plugins\/elementor\/assets\/images\/placeholder.png\" alt=\"S\u00e9verine Thomas\">\n\t\t\t\t\t\t\t\t\t\t\t<\/div>\n\t\t\t\t\t\t\t\t<cite class=\"elementor-testimonial__cite\"><span class=\"elementor-testimonial__name\">S\u00e9verine Thomas<\/span><\/cite>\t\t\t<\/div>\n\t\t<\/div>\n\t\t\t\t\t\t\t\t<\/div>\n\t\t\t\t\t\t\t\t\t<\/div>\n\t\t\t\t\t\t\t\t\t\t\t\t\t\t\t<div class=\"elementor-swiper-button elementor-swiper-button-prev\" role=\"button\" tabindex=\"0\" aria-label=\"Pr\u00e9c\u00e9dent\">\n\t\t\t\t\t\t\t<i aria-hidden=\"true\" class=\"eicon-chevron-left\"><\/i>\t\t\t\t\t\t<\/div>\n\t\t\t\t\t\t<div class=\"elementor-swiper-button elementor-swiper-button-next\" role=\"button\" tabindex=\"0\" aria-label=\"Suivant\">\n\t\t\t\t\t\t\t<i aria-hidden=\"true\" class=\"eicon-chevron-right\"><\/i>\t\t\t\t\t\t<\/div>\n\t\t\t\t\t\t\t\t\t\t\t\t\t\t\t\t<div class=\"swiper-pagination\"><\/div>\n\t\t\t\t\t\t\t\t\t\t\t\t<\/div>\n\t\t\t\t<\/div>\n\t\t\t\t\t\t\t\t<\/div>\n\t\t\t\t<\/div>\n\t\t\t\t\t<\/div>\n\t\t<\/div>\n\t\t\t\t\t<\/div>\n\t\t<\/section>\n\t\t\t\t<section class=\"elementor-section elementor-top-section elementor-element elementor-element-1043d38 elementor-section-full_width elementor-section-height-default elementor-section-height-default\" data-id=\"1043d38\" data-element_type=\"section\" data-e-type=\"section\" data-settings=\"{&quot;_ha_eqh_enable&quot;:false}\">\n\t\t\t\t\t\t<div class=\"elementor-container elementor-column-gap-default\">\n\t\t\t\t\t<div class=\"elementor-column elementor-col-33 elementor-top-column elementor-element elementor-element-f830862\" data-id=\"f830862\" data-element_type=\"column\" data-e-type=\"column\">\n\t\t\t<div class=\"elementor-widget-wrap elementor-element-populated\">\n\t\t\t\t\t\t<div class=\"elementor-element elementor-element-436c0e2 elementor-widget elementor-widget-image\" data-id=\"436c0e2\" data-element_type=\"widget\" data-e-type=\"widget\" data-widget_type=\"image.default\">\n\t\t\t\t<div class=\"elementor-widget-container\">\n\t\t\t\t\t\t\t\t\t\t\t\t\t\t\t<img decoding=\"async\" width=\"720\" height=\"1024\" src=\"https:\/\/marielaureemond.com\/wp-content\/uploads\/2023\/02\/IMG_0262-720x1024.jpg\" class=\"attachment-large size-large wp-image-449\" alt=\"\" srcset=\"https:\/\/marielaureemond.com\/wp-content\/uploads\/2023\/02\/IMG_0262-720x1024.jpg 720w, https:\/\/marielaureemond.com\/wp-content\/uploads\/2023\/02\/IMG_0262-211x300.jpg 211w, https:\/\/marielaureemond.com\/wp-content\/uploads\/2023\/02\/IMG_0262-768x1092.jpg 768w, https:\/\/marielaureemond.com\/wp-content\/uploads\/2023\/02\/IMG_0262-1080x1536.jpg 1080w, https:\/\/marielaureemond.com\/wp-content\/uploads\/2023\/02\/IMG_0262-1440x2048.jpg 1440w, https:\/\/marielaureemond.com\/wp-content\/uploads\/2023\/02\/IMG_0262-scaled.jpg 1800w\" sizes=\"(max-width: 720px) 100vw, 720px\" \/>\t\t\t\t\t\t\t\t\t\t\t\t\t\t\t<\/div>\n\t\t\t\t<\/div>\n\t\t\t\t\t<\/div>\n\t\t<\/div>\n\t\t\t\t<div class=\"elementor-column elementor-col-66 elementor-top-column elementor-element elementor-element-55aeb72\" data-id=\"55aeb72\" data-element_type=\"column\" data-e-type=\"column\">\n\t\t\t<div class=\"elementor-widget-wrap elementor-element-populated\">\n\t\t\t\t\t\t<div class=\"elementor-element elementor-element-4cf5c95 elementor-widget elementor-widget-menu-anchor\" data-id=\"4cf5c95\" data-element_type=\"widget\" data-e-type=\"widget\" data-widget_type=\"menu-anchor.default\">\n\t\t\t\t<div class=\"elementor-widget-container\">\n\t\t\t\t\t\t\t<div class=\"elementor-menu-anchor\" id=\"quisuisje\"><\/div>\n\t\t\t\t\t\t<\/div>\n\t\t\t\t<\/div>\n\t\t\t\t<div class=\"elementor-element elementor-element-8e2127e elementor-widget elementor-widget-heading\" data-id=\"8e2127e\" data-element_type=\"widget\" data-e-type=\"widget\" data-widget_type=\"heading.default\">\n\t\t\t\t<div class=\"elementor-widget-container\">\n\t\t\t\t\t<h1 class=\"elementor-heading-title elementor-size-default\">Marie-Laure Emond - Qui suis-je ?<\/h1>\t\t\t\t<\/div>\n\t\t\t\t<\/div>\n\t\t\t\t<div class=\"elementor-element elementor-element-3b02efe elementor-widget elementor-widget-text-editor\" data-id=\"3b02efe\" data-element_type=\"widget\" data-e-type=\"widget\" data-widget_type=\"text-editor.default\">\n\t\t\t\t<div class=\"elementor-widget-container\">\n\t\t\t\t\t\t\t\t\t<p style=\"margin-top: 0cm; background-image: initial; background-position: initial; background-size: initial; background-repeat: initial; background-attachment: initial; background-origin: initial; background-clip: initial; text-align: justify;\"><span style=\"font-family: 'Segoe UI', sans-serif;\">Je suis licenci\u00e9e en Communication de l\u2019UCL et r\u00e9flexologue dipl\u00f4m\u00e9e et certifi\u00e9e par la F\u00e9d\u00e9ration Belge des R\u00e9flexologues (FEBEREF) en r\u00e9flexologie plantaire, palmaire et M\u00e9decine Traditionnelle Chinoise, sp\u00e9cialis\u00e9e en :&nbsp;<\/span><\/p>\n<p style=\"margin-top: 0cm; background-image: initial; background-position: initial; background-size: initial; background-repeat: initial; background-attachment: initial; background-origin: initial; background-clip: initial; text-align: justify;\"><span style=\"font-family: 'Segoe UI', sans-serif;\">&#8211; r\u00e9flexologie p\u00e9diatrique\u00a9,&nbsp;<\/span><\/p>\n<p style=\"margin-top: 0cm; background-image: initial; background-position: initial; background-size: initial; background-repeat: initial; background-attachment: initial; background-origin: initial; background-clip: initial; text-align: justify;\"><span style=\"font-family: 'Segoe UI', sans-serif;\">&#8211; r\u00e9flexologie b\u00e9b\u00e9 affective\u00a9,&nbsp;<\/span><\/p>\n<p style=\"margin-top: 0cm; background-image: initial; background-position: initial; background-size: initial; background-repeat: initial; background-attachment: initial; background-origin: initial; background-clip: initial; text-align: justify;\"><span style=\"font-family: 'Segoe UI', sans-serif;\">&#8211; r\u00e9flexologie et traumatologie<\/span><span style=\"font-family: 'Segoe UI', sans-serif; font-size: 1rem;\">\u00a9<\/span><span style=\"font-family: 'Segoe UI', sans-serif; font-size: 1rem;\">&nbsp;(gestion de la douleur),&nbsp;<\/span><\/p>\n<p style=\"margin-top: 0cm; background-image: initial; background-position: initial; background-size: initial; background-repeat: initial; background-attachment: initial; background-origin: initial; background-clip: initial; text-align: justify;\"><span style=\"font-family: 'Segoe UI', sans-serif;\">&#8211; r\u00e9flexologie et Dien Chan du Visage (\u00c9cole Internationale du Dien Chan),&nbsp;<\/span><\/p>\n<p style=\"margin-top: 0cm; background-image: initial; background-position: initial; background-size: initial; background-repeat: initial; background-attachment: initial; background-origin: initial; background-clip: initial; text-align: justify;\"><span style=\"font-family: 'Segoe UI', sans-serif;\">&#8211;&nbsp;<\/span><span style=\"font-family: 'Segoe UI', sans-serif; font-size: 1rem;\">Access Bars (point d\u2019acupressions sur le cr\u00e2ne),<\/span><\/p>\n<p style=\"margin-top: 0cm; background-image: initial; background-position: initial; background-size: initial; background-repeat: initial; background-attachment: initial; background-origin: initial; background-clip: initial; text-align: justify;\"><span style=\"font-family: 'Segoe UI', sans-serif; font-size: 1rem;\">En tant qu&rsquo;instructrice en massage b\u00e9b\u00e9 certifi\u00e9e par l\u2019Association Internationale de Massage B\u00e9b\u00e9 (IAIM) et instructrice en portage physiologique, j<\/span><span style=\"font-family: 'Segoe UI', sans-serif; font-size: 1rem;\">\u2019organise des ateliers de massage et de portage pour parents en s\u00e9ance individuelle mais aussi en milieu d\u2019accueil, ainsi que des ateliers de r\u00e9flexologie plantaire p\u00e9diatrique afin de faire d\u00e9couvrir le massage et la r\u00e9flexologie.<\/span><\/p>\n<p style=\"margin-top: 0cm; background-image: initial; background-position: initial; background-size: initial; background-repeat: initial; background-attachment: initial; background-origin: initial; background-clip: initial; text-align: justify;\"><span style=\"font-family: 'Segoe UI', sans-serif;\">J\u2019ai le plaisir d\u2019exercer mon m\u00e9tier de r\u00e9flexologue au Centre M\u00e9dical des Champs du Soleil de Steinfort (<a href=\"http:\/\/www.centremedicalsteinfort.lu\/\">www.centremedicalsteinfort.lu<\/a>), dont je suis co-g\u00e9rante avec mes s\u0153urs Catherine et Val\u00e9rie. Je suis responsable de l\u2019\u00e9quipe et de la communication du Centre M\u00e9dical mais aussi formatrice au Centre de Formation de Steinfort, (<a href=\"http:\/\/www.centredeformationsteinfort.lu\/\">www.centredeformationsteinfort.lu<\/a>), \u00e9cole de r\u00e9flexologie agr\u00e9\u00e9e par le minist\u00e8re de l\u2019\u00c9ducation du Luxembourg, qui offre des formations de qualit\u00e9 en r\u00e9flexologie (reconnues par Reflexology in Europe Network) dans un cadre convivial et familial, &nbsp;et diverses formations (aromath\u00e9rapie, etc.) et conf\u00e9rences sur les th\u00e8mes de la sant\u00e9 et la parentalit\u00e9.&nbsp;<\/span><\/p>\n<p style=\"margin-top: 0cm; background-image: initial; background-position: initial; background-size: initial; background-repeat: initial; background-attachment: initial; background-origin: initial; background-clip: initial; text-align: justify;\"><span style=\"font-size: 1rem; font-family: 'Segoe UI', sans-serif;\">Dans ma pratique en r\u00e9flexologie, je re\u00e7ois autant <strong>les adultes, les femmes enceintes, que les adolescents, les enfants et les b\u00e9b\u00e9s.<\/strong>&nbsp;<\/span><span style=\"font-family: 'Segoe UI', sans-serif; font-size: 1rem;\">Je me d\u00e9place dans les entreprises et pour les \u00e9v\u00e8nements team-building pour des massages relaxants et motivants.&nbsp;<\/span><span style=\"font-family: 'Segoe UI', sans-serif; font-size: 1rem;\">Je propose \u00e9galement des s\u00e9ances de r\u00e9flexologie \u00e0 domicile en accompagnements oncologiques ou en soins palliatifs.&nbsp;<\/span><span style=\"font-family: &quot;Segoe UI&quot;, sans-serif; font-size: 12pt;\">J&rsquo;ai \u00e0 coeur de travailler en collaboration avec des professionnels de la sant\u00e9 (sage-femme, ost\u00e9opathe, kin\u00e9sith\u00e9rapeute, sexologue, etc.)&nbsp;<\/span><\/p>\n<p style=\"margin-top: 0cm; background-image: initial; background-position: initial; background-size: initial; background-repeat: initial; background-attachment: initial; background-origin: initial; background-clip: initial; text-align: justify;\"><span style=\"font-family: 'Segoe UI', sans-serif; font-size: 1rem;\">N&rsquo;h\u00e9sitez plus \u00e0 prendre soin de vous ou de vos pieds, ils sont nos racines !<\/span><\/p>\n<p style=\"margin-top: 0cm; background-image: initial; background-position: initial; background-size: initial; background-repeat: initial; background-attachment: initial; background-origin: initial; background-clip: initial; text-align: justify;\"><span style=\"font-family: 'Segoe UI', sans-serif; font-size: 1rem;\">Au plaisir de vous rencontrer&nbsp;!<\/span><\/p>\n<p style=\"margin-top: 0cm; background-image: initial; background-position: initial; background-size: initial; background-repeat: initial; background-attachment: initial; background-origin: initial; background-clip: initial; text-align: justify;\"><span style=\"font-family: 'Segoe UI', sans-serif;\">Marie-Laure<\/span><\/p>\t\t\t\t\t\t\t\t<\/div>\n\t\t\t\t<\/div>\n\t\t\t\t\t<\/div>\n\t\t<\/div>\n\t\t\t\t\t<\/div>\n\t\t<\/section>\n\t\t\t\t<\/div>\n\t\t","protected":false},"excerpt":{"rendered":"<p>Multi-R\u00e9flexologie En savoir plus Soins Maman-b\u00e9b\u00e9 En savoir plus \u00ab\u00a0J\u2019ai pass\u00e9 de tr\u00e8s bons moments de d\u00e9tente gr\u00e2ce aux conseils, \u00e0 l\u2019\u00e9coute et aux techniques de r\u00e9flexologie plantaire. Je le conseille \u00e0 toutes les mamans actives, prendre quelques heures pour se ressourcer! Merci beaucoup Marie-Laure! \u00ab\u00a0 Florence Daune \u00ab\u00a0Marie-Laure nous a appris \u00e0 porter notre [&hellip;]<\/p>\n","protected":false},"author":1,"featured_media":0,"parent":0,"menu_order":0,"comment_status":"closed","ping_status":"closed","template":"","meta":{"_seopress_robots_primary_cat":"","_seopress_titles_title":"","_seopress_titles_desc":"","_seopress_robots_index":"","_seopress_analysis_target_kw":"","footnotes":""},"class_list":["post-51","page","type-page","status-publish","hentry"],"_links":{"self":[{"href":"https:\/\/marielaureemond.com\/index.php\/wp-json\/wp\/v2\/pages\/51","targetHints":{"allow":["GET"]}}],"collection":[{"href":"https:\/\/marielaureemond.com\/index.php\/wp-json\/wp\/v2\/pages"}],"about":[{"href":"https:\/\/marielaureemond.com\/index.php\/wp-json\/wp\/v2\/types\/page"}],"author":[{"embeddable":true,"href":"https:\/\/marielaureemond.com\/index.php\/wp-json\/wp\/v2\/users\/1"}],"replies":[{"embeddable":true,"href":"https:\/\/marielaureemond.com\/index.php\/wp-json\/wp\/v2\/comments?post=51"}],"version-history":[{"count":97,"href":"https:\/\/marielaureemond.com\/index.php\/wp-json\/wp\/v2\/pages\/51\/revisions"}],"predecessor-version":[{"id":466,"href":"https:\/\/marielaureemond.com\/index.php\/wp-json\/wp\/v2\/pages\/51\/revisions\/466"}],"wp:attachment":[{"href":"https:\/\/marielaureemond.com\/index.php\/wp-json\/wp\/v2\/media?parent=51"}],"curies":[{"name":"wp","href":"https:\/\/api.w.org\/{rel}","templated":true}]}}