{"id":139,"date":"2021-05-10T20:23:41","date_gmt":"2021-05-10T20:23:41","guid":{"rendered":"https:\/\/marielaureemond.com\/?page_id=139"},"modified":"2024-05-22T20:06:16","modified_gmt":"2024-05-22T20:06:16","slug":"soins-revitalisants","status":"publish","type":"page","link":"https:\/\/marielaureemond.com\/index.php\/soins-revitalisants\/","title":{"rendered":"Prendre un RDV"},"content":{"rendered":"\t\t<div data-elementor-type=\"wp-page\" data-elementor-id=\"139\" class=\"elementor elementor-139\" data-elementor-settings=\"{&quot;ha_cmc_init_switcher&quot;:&quot;no&quot;}\" data-elementor-post-type=\"page\">\n\t\t\t\t\t\t<section class=\"elementor-section elementor-top-section elementor-element elementor-element-2fe28ea elementor-section-full_width elementor-section-height-min-height elementor-section-items-bottom elementor-section-height-default\" data-id=\"2fe28ea\" data-element_type=\"section\" data-e-type=\"section\" data-settings=\"{&quot;background_background&quot;:&quot;slideshow&quot;,&quot;background_slideshow_gallery&quot;:[{&quot;id&quot;:260,&quot;url&quot;:&quot;https:\\\/\\\/marielaureemond.com\\\/wp-content\\\/uploads\\\/2022\\\/05\\\/R-4-1.jpg&quot;},{&quot;id&quot;:256,&quot;url&quot;:&quot;https:\\\/\\\/marielaureemond.com\\\/wp-content\\\/uploads\\\/2022\\\/05\\\/228657049_479379486484509_1463496892956281181_n.jpg&quot;},{&quot;id&quot;:258,&quot;url&quot;:&quot;https:\\\/\\\/marielaureemond.com\\\/wp-content\\\/uploads\\\/2022\\\/05\\\/idee-cadeau-reves-de-beaute-veauche-soin-massage-visage-eclat.jpg&quot;},{&quot;id&quot;:170,&quot;url&quot;:&quot;https:\\\/\\\/marielaureemond.com\\\/wp-content\\\/uploads\\\/2021\\\/07\\\/atelier-massage-bebe.jpg&quot;},{&quot;id&quot;:269,&quot;url&quot;:&quot;https:\\\/\\\/marielaureemond.com\\\/wp-content\\\/uploads\\\/2022\\\/05\\\/Echarpe-de-portage-1_0.jpg&quot;},{&quot;id&quot;:271,&quot;url&quot;:&quot;https:\\\/\\\/marielaureemond.com\\\/wp-content\\\/uploads\\\/2022\\\/05\\\/shutterstock_1018471897-scaled-1.jpg&quot;}],&quot;background_slideshow_transition_duration&quot;:1000,&quot;background_slideshow_loop&quot;:&quot;yes&quot;,&quot;background_slideshow_slide_duration&quot;:5000,&quot;background_slideshow_slide_transition&quot;:&quot;fade&quot;,&quot;_ha_eqh_enable&quot;:false}\">\n\t\t\t\t\t\t<div class=\"elementor-container elementor-column-gap-default\">\n\t\t\t\t\t<div class=\"elementor-column elementor-col-100 elementor-top-column elementor-element elementor-element-e995450\" data-id=\"e995450\" data-element_type=\"column\" data-e-type=\"column\">\n\t\t\t<div class=\"elementor-widget-wrap\">\n\t\t\t\t\t\t\t<\/div>\n\t\t<\/div>\n\t\t\t\t\t<\/div>\n\t\t<\/section>\n\t\t\t\t<section class=\"elementor-section elementor-top-section elementor-element elementor-element-851b6eb elementor-section-boxed elementor-section-height-default elementor-section-height-default\" data-id=\"851b6eb\" data-element_type=\"section\" data-e-type=\"section\" data-settings=\"{&quot;_ha_eqh_enable&quot;:false}\">\n\t\t\t\t\t\t<div class=\"elementor-container elementor-column-gap-default\">\n\t\t\t\t\t<div class=\"elementor-column elementor-col-50 elementor-top-column elementor-element elementor-element-0c3ba2e\" data-id=\"0c3ba2e\" data-element_type=\"column\" data-e-type=\"column\">\n\t\t\t<div class=\"elementor-widget-wrap elementor-element-populated\">\n\t\t\t\t\t\t<div class=\"elementor-element elementor-element-fb56af1 elementor-widget elementor-widget-image\" data-id=\"fb56af1\" data-element_type=\"widget\" data-e-type=\"widget\" data-widget_type=\"image.default\">\n\t\t\t\t<div class=\"elementor-widget-container\">\n\t\t\t\t\t\t\t\t\t\t\t\t\t\t\t<img fetchpriority=\"high\" decoding=\"async\" width=\"533\" height=\"179\" src=\"https:\/\/marielaureemond.com\/wp-content\/uploads\/2021\/04\/Marie-Laure_Emond-002.png\" class=\"attachment-large size-large wp-image-533\" alt=\"\" srcset=\"https:\/\/marielaureemond.com\/wp-content\/uploads\/2021\/04\/Marie-Laure_Emond-002.png 533w, https:\/\/marielaureemond.com\/wp-content\/uploads\/2021\/04\/Marie-Laure_Emond-002-300x101.png 300w\" sizes=\"(max-width: 533px) 100vw, 533px\" \/>\t\t\t\t\t\t\t\t\t\t\t\t\t\t\t<\/div>\n\t\t\t\t<\/div>\n\t\t\t\t\t<\/div>\n\t\t<\/div>\n\t\t\t\t<div class=\"elementor-column elementor-col-50 elementor-top-column elementor-element elementor-element-f7a1cfb\" data-id=\"f7a1cfb\" data-element_type=\"column\" data-e-type=\"column\">\n\t\t\t<div class=\"elementor-widget-wrap elementor-element-populated\">\n\t\t\t\t\t\t<div class=\"elementor-element elementor-element-96ec70b elementor-widget elementor-widget-text-editor\" data-id=\"96ec70b\" data-element_type=\"widget\" data-e-type=\"widget\" data-widget_type=\"text-editor.default\">\n\t\t\t\t<div class=\"elementor-widget-container\">\n\t\t\t\t\t\t\t\t\t<p><span style=\"font-size: 1rem;\">PRISE DE RENDEZ-VOUS<\/span><\/p><p><span style=\"font-size: 1rem;\">Pour toute information ou prise de rendez-vous, n&rsquo;h\u00e9sitez pas \u00e0 me joindre<\/span><\/p><p>Soit par t\u00e9l\u00e9phone au +352 691 351 228<\/p><p>Soit par email via marielaure@centremedicalsteinfort.lu<\/p>\t\t\t\t\t\t\t\t<\/div>\n\t\t\t\t<\/div>\n\t\t\t\t\t<\/div>\n\t\t<\/div>\n\t\t\t\t\t<\/div>\n\t\t<\/section>\n\t\t\t\t<section class=\"elementor-section elementor-top-section elementor-element elementor-element-f0dc28e elementor-section-boxed elementor-section-height-default elementor-section-height-default\" data-id=\"f0dc28e\" data-element_type=\"section\" data-e-type=\"section\" data-settings=\"{&quot;_ha_eqh_enable&quot;:false}\">\n\t\t\t\t\t\t<div class=\"elementor-container elementor-column-gap-default\">\n\t\t\t\t\t<div class=\"elementor-column elementor-col-50 elementor-top-column elementor-element elementor-element-bf833d8\" data-id=\"bf833d8\" data-element_type=\"column\" data-e-type=\"column\">\n\t\t\t<div class=\"elementor-widget-wrap elementor-element-populated\">\n\t\t\t\t\t\t<div class=\"elementor-element elementor-element-8738767 elementor-widget elementor-widget-text-editor\" data-id=\"8738767\" data-element_type=\"widget\" data-e-type=\"widget\" data-widget_type=\"text-editor.default\">\n\t\t\t\t<div class=\"elementor-widget-container\">\n\t\t\t\t\t\t\t\t\t<p><span style=\"font-size: 1rem;\">TARIFS<\/span><\/p><p>R\u00e9flexologie Plantaire : 80 euros (50min)<\/p><p>R\u00e9flexologie Palmaire : 80 euros (50min)<\/p><p>R\u00e9flexologie Faciale et Cranio sacr\u00e9e\u00a0 : 80 euros (50min)<\/p><p>R\u00e9flexologie Harmonisante : Visage, Mains, Pieds : 100 euros (1h)<\/p><p>R\u00e9flexologie en entreprise\u00a0: sur demande<\/p><p>\u00a0<\/p><p>R\u00e9flexologie Plantaire p\u00e9diatrique : 40 euros (30min)<\/p><p>Massage b\u00e9b\u00e9 \u2013 S\u00e9ance d\u2019initiation (pieds, jambes) en individuel : 80 euros (50min)<\/p><p>Massage b\u00e9b\u00e9 \u2013\u00a0 Corps complet (pieds, jambes, ventre, poitrine, mains, bras, visage et dos) : 3 s\u00e9ances (3 x 1h)) en individuel : 215 euros<\/p><p>Atelier de portage physiologique en individuel : 80 euros<\/p><p>\u00a0<\/p>\t\t\t\t\t\t\t\t<\/div>\n\t\t\t\t<\/div>\n\t\t\t\t\t<\/div>\n\t\t<\/div>\n\t\t\t\t<div class=\"elementor-column elementor-col-50 elementor-top-column elementor-element elementor-element-909ec6c\" data-id=\"909ec6c\" data-element_type=\"column\" data-e-type=\"column\">\n\t\t\t<div class=\"elementor-widget-wrap elementor-element-populated\">\n\t\t\t\t\t\t<div class=\"elementor-element elementor-element-4c820e0 elementor-widget elementor-widget-image\" data-id=\"4c820e0\" data-element_type=\"widget\" data-e-type=\"widget\" data-widget_type=\"image.default\">\n\t\t\t\t<div class=\"elementor-widget-container\">\n\t\t\t\t\t\t\t\t\t\t\t\t\t\t\t<img decoding=\"async\" width=\"800\" height=\"600\" src=\"https:\/\/marielaureemond.com\/wp-content\/uploads\/2022\/05\/R-2-1024x768.jpg\" class=\"attachment-large size-large wp-image-217\" alt=\"\" srcset=\"https:\/\/marielaureemond.com\/wp-content\/uploads\/2022\/05\/R-2-1024x768.jpg 1024w, https:\/\/marielaureemond.com\/wp-content\/uploads\/2022\/05\/R-2-300x225.jpg 300w, https:\/\/marielaureemond.com\/wp-content\/uploads\/2022\/05\/R-2-768x576.jpg 768w, https:\/\/marielaureemond.com\/wp-content\/uploads\/2022\/05\/R-2.jpg 1200w\" sizes=\"(max-width: 800px) 100vw, 800px\" \/>\t\t\t\t\t\t\t\t\t\t\t\t\t\t\t<\/div>\n\t\t\t\t<\/div>\n\t\t\t\t\t<\/div>\n\t\t<\/div>\n\t\t\t\t\t<\/div>\n\t\t<\/section>\n\t\t\t\t<section class=\"elementor-section elementor-top-section elementor-element elementor-element-849cc48 elementor-section-boxed elementor-section-height-default elementor-section-height-default\" data-id=\"849cc48\" data-element_type=\"section\" data-e-type=\"section\" data-settings=\"{&quot;_ha_eqh_enable&quot;:false}\">\n\t\t\t\t\t\t<div class=\"elementor-container elementor-column-gap-default\">\n\t\t\t\t\t<div class=\"elementor-column elementor-col-50 elementor-top-column elementor-element elementor-element-927261d\" data-id=\"927261d\" data-element_type=\"column\" data-e-type=\"column\">\n\t\t\t<div class=\"elementor-widget-wrap elementor-element-populated\">\n\t\t\t\t\t\t<div class=\"elementor-element elementor-element-329cba4 elementor-widget elementor-widget-image\" data-id=\"329cba4\" data-element_type=\"widget\" data-e-type=\"widget\" data-widget_type=\"image.default\">\n\t\t\t\t<div class=\"elementor-widget-container\">\n\t\t\t\t\t\t\t\t\t\t\t\t\t\t\t<img decoding=\"async\" width=\"800\" height=\"534\" src=\"https:\/\/marielaureemond.com\/wp-content\/uploads\/2021\/05\/Bon-cadeau-pastel-et-bleu-1024x683.png\" class=\"attachment-large size-large wp-image-149\" alt=\"\" srcset=\"https:\/\/marielaureemond.com\/wp-content\/uploads\/2021\/05\/Bon-cadeau-pastel-et-bleu-1024x683.png 1024w, https:\/\/marielaureemond.com\/wp-content\/uploads\/2021\/05\/Bon-cadeau-pastel-et-bleu-300x200.png 300w, https:\/\/marielaureemond.com\/wp-content\/uploads\/2021\/05\/Bon-cadeau-pastel-et-bleu-768x512.png 768w, https:\/\/marielaureemond.com\/wp-content\/uploads\/2021\/05\/Bon-cadeau-pastel-et-bleu-1536x1024.png 1536w, https:\/\/marielaureemond.com\/wp-content\/uploads\/2021\/05\/Bon-cadeau-pastel-et-bleu.png 1800w\" sizes=\"(max-width: 800px) 100vw, 800px\" \/>\t\t\t\t\t\t\t\t\t\t\t\t\t\t\t<\/div>\n\t\t\t\t<\/div>\n\t\t\t\t\t<\/div>\n\t\t<\/div>\n\t\t\t\t<div class=\"elementor-column elementor-col-50 elementor-top-column elementor-element elementor-element-497f81d\" data-id=\"497f81d\" data-element_type=\"column\" data-e-type=\"column\">\n\t\t\t<div class=\"elementor-widget-wrap elementor-element-populated\">\n\t\t\t\t\t\t<div class=\"elementor-element elementor-element-6109363 elementor-widget elementor-widget-text-editor\" data-id=\"6109363\" data-element_type=\"widget\" data-e-type=\"widget\" data-widget_type=\"text-editor.default\">\n\t\t\t\t<div class=\"elementor-widget-container\">\n\t\t\t\t\t\t\t\t\t<p>\u00a0<\/p><p>Envie d\u2019offrir un bon cadeau\u00a0 ?<\/p><p>Pour ceux que vous aimez et pour toute occasion, sp\u00e9ciale ou non :\u00a0<\/p><p>&#8211; F<span style=\"font-size: 1rem;\">\u00eate des m\u00e8res et des p\u00e8res,<\/span><\/p><p><span style=\"font-size: 1rem;\">&#8211; St Valentin,<\/span><\/p><p><span style=\"font-size: 1rem;\">&#8211; Bapt\u00eame, Liste de naissance,\u00a0<\/span><\/p><p><span style=\"font-size: 1rem;\">&#8211;<\/span><span style=\"font-size: 1rem;\">Anniversaire, etc.<\/span><\/p><p><span style=\"font-size: 1rem;\">Je vous confectionne de jolis paquets cadeaux pour ces occasions uniques de bonheur et de partage.<\/span><\/p>\t\t\t\t\t\t\t\t<\/div>\n\t\t\t\t<\/div>\n\t\t\t\t\t<\/div>\n\t\t<\/div>\n\t\t\t\t\t<\/div>\n\t\t<\/section>\n\t\t\t\t<section class=\"elementor-section elementor-top-section elementor-element elementor-element-19cf2b2 elementor-section-boxed elementor-section-height-default elementor-section-height-default\" data-id=\"19cf2b2\" data-element_type=\"section\" data-e-type=\"section\" data-settings=\"{&quot;_ha_eqh_enable&quot;:false}\">\n\t\t\t\t\t\t<div class=\"elementor-container elementor-column-gap-default\">\n\t\t\t\t\t<div class=\"elementor-column elementor-col-100 elementor-top-column elementor-element elementor-element-c505e23\" data-id=\"c505e23\" data-element_type=\"column\" data-e-type=\"column\">\n\t\t\t<div class=\"elementor-widget-wrap\">\n\t\t\t\t\t\t\t<\/div>\n\t\t<\/div>\n\t\t\t\t\t<\/div>\n\t\t<\/section>\n\t\t\t\t<\/div>\n\t\t","protected":false},"excerpt":{"rendered":"<p>PRISE DE RENDEZ-VOUS Pour toute information ou prise de rendez-vous, n&rsquo;h\u00e9sitez pas \u00e0 me joindre Soit par t\u00e9l\u00e9phone au +352 691 351 228 Soit par email via marielaure@centremedicalsteinfort.lu TARIFS R\u00e9flexologie Plantaire : 80 euros (50min) R\u00e9flexologie Palmaire : 80 euros (50min) R\u00e9flexologie Faciale et Cranio sacr\u00e9e\u00a0 : 80 euros (50min) R\u00e9flexologie Harmonisante : Visage, Mains, [&hellip;]<\/p>\n","protected":false},"author":1,"featured_media":0,"parent":0,"menu_order":0,"comment_status":"closed","ping_status":"closed","template":"","meta":{"_seopress_robots_primary_cat":"","_seopress_titles_title":"","_seopress_titles_desc":"","_seopress_robots_index":"","_seopress_analysis_target_kw":"","footnotes":""},"class_list":["post-139","page","type-page","status-publish","hentry"],"_links":{"self":[{"href":"https:\/\/marielaureemond.com\/index.php\/wp-json\/wp\/v2\/pages\/139","targetHints":{"allow":["GET"]}}],"collection":[{"href":"https:\/\/marielaureemond.com\/index.php\/wp-json\/wp\/v2\/pages"}],"about":[{"href":"https:\/\/marielaureemond.com\/index.php\/wp-json\/wp\/v2\/types\/page"}],"author":[{"embeddable":true,"href":"https:\/\/marielaureemond.com\/index.php\/wp-json\/wp\/v2\/users\/1"}],"replies":[{"embeddable":true,"href":"https:\/\/marielaureemond.com\/index.php\/wp-json\/wp\/v2\/comments?post=139"}],"version-history":[{"count":57,"href":"https:\/\/marielaureemond.com\/index.php\/wp-json\/wp\/v2\/pages\/139\/revisions"}],"predecessor-version":[{"id":537,"href":"https:\/\/marielaureemond.com\/index.php\/wp-json\/wp\/v2\/pages\/139\/revisions\/537"}],"wp:attachment":[{"href":"https:\/\/marielaureemond.com\/index.php\/wp-json\/wp\/v2\/media?parent=139"}],"curies":[{"name":"wp","href":"https:\/\/api.w.org\/{rel}","templated":true}]}}