{"id":131,"date":"2021-05-10T20:16:36","date_gmt":"2021-05-10T20:16:36","guid":{"rendered":"https:\/\/marielaureemond.com\/?page_id=131"},"modified":"2025-02-17T20:05:50","modified_gmt":"2025-02-17T20:05:50","slug":"reflexologie-cloned-62","status":"publish","type":"page","link":"https:\/\/marielaureemond.com\/index.php\/reflexologie-cloned-62\/","title":{"rendered":"R\u00e9flexologie &#8211; [Cloned #62]"},"content":{"rendered":"\t\t<div data-elementor-type=\"wp-page\" data-elementor-id=\"131\" class=\"elementor elementor-131\" data-elementor-settings=\"{&quot;ha_cmc_init_switcher&quot;:&quot;no&quot;}\" data-elementor-post-type=\"page\">\n\t\t\t\t\t\t<section class=\"elementor-section elementor-top-section elementor-element elementor-element-2fe28ea elementor-section-full_width elementor-section-height-min-height elementor-section-items-bottom elementor-section-height-default\" data-id=\"2fe28ea\" data-element_type=\"section\" data-e-type=\"section\" data-settings=\"{&quot;background_background&quot;:&quot;slideshow&quot;,&quot;background_slideshow_gallery&quot;:[{&quot;id&quot;:141,&quot;url&quot;:&quot;https:\\\/\\\/marielaureemond.com\\\/wp-content\\\/uploads\\\/2021\\\/05\\\/Orange-Basketball-Dark-Gamer-Sports-Youtube-Thumbnail-2.png&quot;}],&quot;background_slideshow_loop&quot;:&quot;yes&quot;,&quot;background_slideshow_slide_duration&quot;:5000,&quot;background_slideshow_slide_transition&quot;:&quot;fade&quot;,&quot;background_slideshow_transition_duration&quot;:500,&quot;_ha_eqh_enable&quot;:false}\">\n\t\t\t\t\t\t<div class=\"elementor-container elementor-column-gap-default\">\n\t\t\t\t\t<div class=\"elementor-column elementor-col-100 elementor-top-column elementor-element elementor-element-e995450\" data-id=\"e995450\" data-element_type=\"column\" data-e-type=\"column\">\n\t\t\t<div class=\"elementor-widget-wrap\">\n\t\t\t\t\t\t\t<\/div>\n\t\t<\/div>\n\t\t\t\t\t<\/div>\n\t\t<\/section>\n\t\t\t\t<section class=\"elementor-section elementor-top-section elementor-element elementor-element-851b6eb elementor-section-boxed elementor-section-height-default elementor-section-height-default\" data-id=\"851b6eb\" data-element_type=\"section\" data-e-type=\"section\" data-settings=\"{&quot;_ha_eqh_enable&quot;:false}\">\n\t\t\t\t\t\t<div class=\"elementor-container elementor-column-gap-default\">\n\t\t\t\t\t<div class=\"elementor-column elementor-col-50 elementor-top-column elementor-element elementor-element-0c3ba2e\" data-id=\"0c3ba2e\" data-element_type=\"column\" data-e-type=\"column\">\n\t\t\t<div class=\"elementor-widget-wrap elementor-element-populated\">\n\t\t\t\t\t\t<div class=\"elementor-element elementor-element-fb56af1 elementor-widget elementor-widget-image\" data-id=\"fb56af1\" data-element_type=\"widget\" data-e-type=\"widget\" data-widget_type=\"image.default\">\n\t\t\t\t<div class=\"elementor-widget-container\">\n\t\t\t\t\t\t\t\t\t\t\t\t\t\t\t<img fetchpriority=\"high\" decoding=\"async\" width=\"800\" height=\"671\" src=\"https:\/\/marielaureemond.com\/wp-content\/uploads\/2021\/04\/Reflexologie-13.png\" class=\"attachment-large size-large wp-image-98\" alt=\"\" srcset=\"https:\/\/marielaureemond.com\/wp-content\/uploads\/2021\/04\/Reflexologie-13.png 940w, https:\/\/marielaureemond.com\/wp-content\/uploads\/2021\/04\/Reflexologie-13-300x251.png 300w, https:\/\/marielaureemond.com\/wp-content\/uploads\/2021\/04\/Reflexologie-13-768x644.png 768w\" sizes=\"(max-width: 800px) 100vw, 800px\" \/>\t\t\t\t\t\t\t\t\t\t\t\t\t\t\t<\/div>\n\t\t\t\t<\/div>\n\t\t\t\t\t<\/div>\n\t\t<\/div>\n\t\t\t\t<div class=\"elementor-column elementor-col-50 elementor-top-column elementor-element elementor-element-f7a1cfb\" data-id=\"f7a1cfb\" data-element_type=\"column\" data-e-type=\"column\">\n\t\t\t<div class=\"elementor-widget-wrap elementor-element-populated\">\n\t\t\t\t\t\t<div class=\"elementor-element elementor-element-b50a9ae elementor-widget elementor-widget-heading\" data-id=\"b50a9ae\" data-element_type=\"widget\" data-e-type=\"widget\" data-widget_type=\"heading.default\">\n\t\t\t\t<div class=\"elementor-widget-container\">\n\t\t\t\t\t<h2 class=\"elementor-heading-title elementor-size-default\">\u00ab La premi\u00e8re forme de communication per\u00e7ue par un b\u00e9b\u00e9 et le premier langage qu'il d\u00e9veloppe passent par la peau. La peau est notre organe le plus vaste et le premier sens \u00e0 \u00eatre actif in utero. La peau permet la plus importante connexion de l\u2019\u00eatre humain avec son environnement. La peau est le pont entre le \u2018soi\u2019 et le monde et sa stimulation ad\u00e9quate chez le b\u00e9b\u00e9 favorise le d\u00e9veloppement \u00e9quilibr\u00e9 du sens d\u2019identit\u00e9 et d\u2019estime de soi. \u00bb ABMBB<\/h2>\t\t\t\t<\/div>\n\t\t\t\t<\/div>\n\t\t\t\t\t<\/div>\n\t\t<\/div>\n\t\t\t\t\t<\/div>\n\t\t<\/section>\n\t\t\t\t<section class=\"elementor-section elementor-top-section elementor-element elementor-element-d30c310 elementor-section-boxed elementor-section-height-default elementor-section-height-default\" data-id=\"d30c310\" data-element_type=\"section\" data-e-type=\"section\" data-settings=\"{&quot;_ha_eqh_enable&quot;:false}\">\n\t\t\t\t\t\t<div class=\"elementor-container elementor-column-gap-default\">\n\t\t\t\t\t<div class=\"elementor-column elementor-col-50 elementor-top-column elementor-element elementor-element-129709d\" data-id=\"129709d\" data-element_type=\"column\" data-e-type=\"column\">\n\t\t\t<div class=\"elementor-widget-wrap\">\n\t\t\t\t\t\t\t<\/div>\n\t\t<\/div>\n\t\t\t\t<div class=\"elementor-column elementor-col-50 elementor-top-column elementor-element elementor-element-88a3472\" data-id=\"88a3472\" data-element_type=\"column\" data-e-type=\"column\">\n\t\t\t<div class=\"elementor-widget-wrap\">\n\t\t\t\t\t\t\t<\/div>\n\t\t<\/div>\n\t\t\t\t\t<\/div>\n\t\t<\/section>\n\t\t\t\t<section class=\"elementor-section elementor-top-section elementor-element elementor-element-d89acd5 elementor-section-boxed elementor-section-height-default elementor-section-height-default\" data-id=\"d89acd5\" data-element_type=\"section\" data-e-type=\"section\" data-settings=\"{&quot;_ha_eqh_enable&quot;:false}\">\n\t\t\t\t\t\t<div class=\"elementor-container elementor-column-gap-default\">\n\t\t\t\t\t<div class=\"elementor-column elementor-col-50 elementor-top-column elementor-element elementor-element-8cb2329\" data-id=\"8cb2329\" data-element_type=\"column\" data-e-type=\"column\">\n\t\t\t<div class=\"elementor-widget-wrap elementor-element-populated\">\n\t\t\t\t\t\t<div class=\"elementor-element elementor-element-bf0d02b elementor-widget elementor-widget-image\" data-id=\"bf0d02b\" data-element_type=\"widget\" data-e-type=\"widget\" data-widget_type=\"image.default\">\n\t\t\t\t<div class=\"elementor-widget-container\">\n\t\t\t\t\t\t\t\t\t\t\t\t\t\t\t<img decoding=\"async\" width=\"800\" height=\"671\" src=\"https:\/\/marielaureemond.com\/wp-content\/uploads\/2022\/05\/21.png\" class=\"attachment-large size-large wp-image-336\" alt=\"\" srcset=\"https:\/\/marielaureemond.com\/wp-content\/uploads\/2022\/05\/21.png 940w, https:\/\/marielaureemond.com\/wp-content\/uploads\/2022\/05\/21-300x251.png 300w, https:\/\/marielaureemond.com\/wp-content\/uploads\/2022\/05\/21-768x644.png 768w\" sizes=\"(max-width: 800px) 100vw, 800px\" \/>\t\t\t\t\t\t\t\t\t\t\t\t\t\t\t<\/div>\n\t\t\t\t<\/div>\n\t\t\t\t\t<\/div>\n\t\t<\/div>\n\t\t\t\t<div class=\"elementor-column elementor-col-50 elementor-top-column elementor-element elementor-element-5bc990d\" data-id=\"5bc990d\" data-element_type=\"column\" data-e-type=\"column\">\n\t\t\t<div class=\"elementor-widget-wrap elementor-element-populated\">\n\t\t\t\t\t\t<div class=\"elementor-element elementor-element-b875cfd elementor-widget elementor-widget-text-editor\" data-id=\"b875cfd\" data-element_type=\"widget\" data-e-type=\"widget\" data-widget_type=\"text-editor.default\">\n\t\t\t\t<div class=\"elementor-widget-container\">\n\t\t\t\t\t\t\t\t\t<p>Je suis sp\u00e9cialis\u00e9e dans les soins de la petite enfance en tant qu\u2019instructrice en massage b\u00e9b\u00e9 \u00e0 l\u2019Association Belge de Massage pour B\u00e9b\u00e9 (ABMBB), en r\u00e9flexologie plantaire Maman-B\u00e9b\u00e9 et en portage physiologique \u00e0 l\u2019Institut de Formation pour Professionnels de la Petite Enfance, Edelweiss.<\/p><p>Le massage ou la r\u00e9flexologie pour les petits, nourrit la s\u00e9curit\u00e9 int\u00e9rieure, favorise la proprioception, le d\u00e9veloppement psycho-moteur, la gestion \u00e9motionnelle, et apaise les bobos et inconforts de la vie quotidienne (pleurs, coliques, constipation, etc) des enfants.\u00a0<\/p><p><strong>S\u00e9ance de R\u00e9flexologie Plantaire pour b\u00e9b\u00e9 : 40 euros &#8211; s\u00e9ance de 30min<\/strong><\/p>\t\t\t\t\t\t\t\t<\/div>\n\t\t\t\t<\/div>\n\t\t\t\t\t<\/div>\n\t\t<\/div>\n\t\t\t\t\t<\/div>\n\t\t<\/section>\n\t\t\t\t<section class=\"elementor-section elementor-top-section elementor-element elementor-element-5e35b6c elementor-section-boxed elementor-section-height-default elementor-section-height-default\" data-id=\"5e35b6c\" data-element_type=\"section\" data-e-type=\"section\" data-settings=\"{&quot;_ha_eqh_enable&quot;:false}\">\n\t\t\t\t\t\t<div class=\"elementor-container elementor-column-gap-default\">\n\t\t\t\t\t<div class=\"elementor-column elementor-col-50 elementor-top-column elementor-element elementor-element-84b8d40\" data-id=\"84b8d40\" data-element_type=\"column\" data-e-type=\"column\">\n\t\t\t<div class=\"elementor-widget-wrap elementor-element-populated\">\n\t\t\t\t\t\t<div class=\"elementor-element elementor-element-f00b53c elementor-widget elementor-widget-text-editor\" data-id=\"f00b53c\" data-element_type=\"widget\" data-e-type=\"widget\" data-widget_type=\"text-editor.default\">\n\t\t\t\t<div class=\"elementor-widget-container\">\n\t\t\t\t\t\t\t\t\t<p>Certifi\u00e9e par l&rsquo;International Association of Infant Massage (IAIM), j\u2019organise des ateliers de massage b\u00e9b\u00e9 d\u00e9couverte ou du corps complet pour des enfants de 0 \u00e0 12 mois dans lesquels le parent (biologique, adoptif ou d\u2019accueil) est acteur de l&rsquo;apprentissage puisque c&rsquo;est lui qui masse son b\u00e9b\u00e9.\u00a0 Je travaille \u00e9galement en milieux d\u2019accueil pour proposer des ateliers massage-b\u00e9b\u00e9 lors de portes ouvertes ou sur demande.<\/p><p>Le protocole de massage IAIM est le fruit de diff\u00e9rents mouvements du massage indien, su\u00e9dois, de la r\u00e9flexologie et du yoga, favorisant la croissance et le d\u00e9veloppement de l&rsquo;enfant. Il a \u00e9t\u00e9 fond\u00e9 par Vimala McClure dans les ann\u00e9es \u201870 et est maintenant pr\u00e9sent dans plus de 83 pays.\u00a0 L\u2019objectif de l&rsquo;Association Internationale de Massage pour B\u00e9b\u00e9 (IAIM) est de promouvoir le toucher nourrissant et la communication \u00e0 travers la formation, l\u2019\u00e9ducation et la recherche, afin que les parents, les personnes qui prennent soin d&rsquo;un enfant et les enfants soient aim\u00e9s, valoris\u00e9s et respect\u00e9s partout dans le monde.\u00a0 Le massage b\u00e9b\u00e9 procure de nombreux bienfaits au quotidien tant pour l\u2019enfant que pour le parent. C\u2019est un v\u00e9ritable moment de bonheur partag\u00e9.<\/p><p>Bienfaits pour l\u2019enfant\u00a0:<\/p><ul><li>Favorise le lien d&rsquo;attachement et renforce la relation parent-enfant\u00a0;<\/li><li>Procure relaxation, d\u00e9tente, r\u00e9assurance et sommeil\u00a0;<\/li><li>Renforce la s\u00e9curit\u00e9 int\u00e9rieure de l\u2019enfant\u00a0;<\/li><li>Stimule la proprioception et le d\u00e9veloppement psychomoteur\u00a0;<\/li><\/ul><p>\u00a0<\/p><p><span style=\"background-color: inherit; font-size: 1rem;\">L&rsquo;atelier dure maximum 1h (40 minutes de massage maximum pour \u00e9viter la surstimulation) dans une pi\u00e8ce chauff\u00e9e, o\u00f9 le parent et son enfant sont rois.\u00a0<\/span><\/p><p><span style=\"background-color: inherit; font-size: 1rem;\">Les deux parents sont bien s\u00fbr les bienvenus et alterneront leur tour de massage\u00a0<\/span><\/p><p><span style=\"background-color: inherit; font-size: 1rem;\">Tous les mouvements du massage sont envoy\u00e9s \u00e0 la suite de l\u2019atelier afin de continuer les massages \u00e0 la maison, ainsi qu\u2019une farde reprenant les informations sur les huiles, et les \u00e9tats de conscience des enfants.<\/span><\/p><p><strong>Massage B\u00e9b\u00e9 : Initiation individuelle (massage des pieds et des jambes) : 80 euros &#8211; 1h<\/strong><\/p><p><strong>Massage B\u00e9b\u00e9 : Corps complet (massage des pieds,\u00a0 jambes, bras et<\/strong><strong> mains, ventre et poitrine ; visage et dos) :, 215 euros &#8211; 3 s\u00e9ances d&rsquo;1h<\/strong><\/p>\t\t\t\t\t\t\t\t<\/div>\n\t\t\t\t<\/div>\n\t\t\t\t\t<\/div>\n\t\t<\/div>\n\t\t\t\t<div class=\"elementor-column elementor-col-50 elementor-top-column elementor-element elementor-element-37ea7b2\" data-id=\"37ea7b2\" data-element_type=\"column\" data-e-type=\"column\">\n\t\t\t<div class=\"elementor-widget-wrap elementor-element-populated\">\n\t\t\t\t\t\t<div class=\"elementor-element elementor-element-216c39f elementor-widget elementor-widget-image\" data-id=\"216c39f\" data-element_type=\"widget\" data-e-type=\"widget\" data-widget_type=\"image.default\">\n\t\t\t\t<div class=\"elementor-widget-container\">\n\t\t\t\t\t\t\t\t\t\t\t\t\t\t\t<img decoding=\"async\" width=\"800\" height=\"671\" src=\"https:\/\/marielaureemond.com\/wp-content\/uploads\/2022\/05\/23.png\" class=\"attachment-large size-large wp-image-337\" alt=\"\" srcset=\"https:\/\/marielaureemond.com\/wp-content\/uploads\/2022\/05\/23.png 940w, https:\/\/marielaureemond.com\/wp-content\/uploads\/2022\/05\/23-300x251.png 300w, https:\/\/marielaureemond.com\/wp-content\/uploads\/2022\/05\/23-768x644.png 768w\" sizes=\"(max-width: 800px) 100vw, 800px\" \/>\t\t\t\t\t\t\t\t\t\t\t\t\t\t\t<\/div>\n\t\t\t\t<\/div>\n\t\t\t\t\t<\/div>\n\t\t<\/div>\n\t\t\t\t\t<\/div>\n\t\t<\/section>\n\t\t\t\t<section class=\"elementor-section elementor-top-section elementor-element elementor-element-48628f3 elementor-section-boxed elementor-section-height-default elementor-section-height-default\" data-id=\"48628f3\" data-element_type=\"section\" data-e-type=\"section\" data-settings=\"{&quot;_ha_eqh_enable&quot;:false}\">\n\t\t\t\t\t\t<div class=\"elementor-container elementor-column-gap-default\">\n\t\t\t\t\t<div class=\"elementor-column elementor-col-50 elementor-top-column elementor-element elementor-element-3048ccc\" data-id=\"3048ccc\" data-element_type=\"column\" data-e-type=\"column\">\n\t\t\t<div class=\"elementor-widget-wrap elementor-element-populated\">\n\t\t\t\t\t\t<div class=\"elementor-element elementor-element-f42fdd1 elementor-widget elementor-widget-image\" data-id=\"f42fdd1\" data-element_type=\"widget\" data-e-type=\"widget\" data-widget_type=\"image.default\">\n\t\t\t\t<div class=\"elementor-widget-container\">\n\t\t\t\t\t\t\t\t\t\t\t\t\t\t\t<img loading=\"lazy\" decoding=\"async\" width=\"800\" height=\"671\" src=\"https:\/\/marielaureemond.com\/wp-content\/uploads\/2022\/05\/25.png\" class=\"attachment-large size-large wp-image-338\" alt=\"\" srcset=\"https:\/\/marielaureemond.com\/wp-content\/uploads\/2022\/05\/25.png 940w, https:\/\/marielaureemond.com\/wp-content\/uploads\/2022\/05\/25-300x251.png 300w, https:\/\/marielaureemond.com\/wp-content\/uploads\/2022\/05\/25-768x644.png 768w\" sizes=\"(max-width: 800px) 100vw, 800px\" \/>\t\t\t\t\t\t\t\t\t\t\t\t\t\t\t<\/div>\n\t\t\t\t<\/div>\n\t\t\t\t\t<\/div>\n\t\t<\/div>\n\t\t\t\t<div class=\"elementor-column elementor-col-50 elementor-top-column elementor-element elementor-element-67263d4\" data-id=\"67263d4\" data-element_type=\"column\" data-e-type=\"column\">\n\t\t\t<div class=\"elementor-widget-wrap elementor-element-populated\">\n\t\t\t\t\t\t<div class=\"elementor-element elementor-element-e165f2e elementor-widget elementor-widget-text-editor\" data-id=\"e165f2e\" data-element_type=\"widget\" data-e-type=\"widget\" data-widget_type=\"text-editor.default\">\n\t\t\t\t<div class=\"elementor-widget-container\">\n\t\t\t\t\t\t\t\t\t<p>Form\u00e9e par l&rsquo;Institut Edelweiss, j&rsquo;organise des ateliers individuels, en pr\u00e9 et post natal, pour apprendre aux parents \u00e0 porter les enfants en \u00e9charpe de mani\u00e8re physiologique de la naissance \u00e0 20kg.<\/p><p>Lors la s\u00e9ance, je mets l\u2019accent sur la conscience du portage et ses incroyables bienfaits physiologiques pour l\u2019enfant (s\u00e9curit\u00e9 int\u00e9rieure, d\u00e9veloppement psychomoteur,\u00a0 confort physiologique du port\u00e9, s\u00e9curit\u00e9 de chacun\u2026) comme pour le parent (d\u00e9tente et rel\u00e2chement, lib\u00e9ration des bras pour s\u2019occuper des plus grands, alternative au lourd maxi cosi, s\u00e9curit\u00e9 physiologique du porteur, etc).\u00a0<\/p><p>Attentive \u00e0 l\u2019\u00e2ge et au poids de l\u2019enfant, je vous aide \u00e0 choisir l\u2019\u00e9charpe de portage adapt\u00e9 \u00e0 vos besoins et vous propose la d\u00e9monstration du n\u0153ud appropri\u00e9. Entre \u00e9charpe extensible, tiss\u00e9e, sling ou mei tai, je vous parlerais des grandes familles d&rsquo;\u00e9charpes et des n\u0153uds s\u00e9curis\u00e9s.<\/p><p>Les ateliers durent maximum 1h dans une pi\u00e8ce chauff\u00e9e et se donne en s\u00e9ance individuelle.\u00a0<\/p><p>Mat\u00e9riel \u00e0 pr\u00e9voir\u00a0: vous pouvez amener votre \u00e9charpe si vous le souhaitez mais cela n\u2019est pas demand\u00e9. Je dispose de toutes les \u00e9charpes n\u00e9cessaires pour l\u2019apprentissage des diff\u00e9rents n\u0153uds et pour que vous puissiez visualiser les mati\u00e8res et textures de tissus.<\/p><p>Envie d\u2019offrir une s\u00e9ance \u00e0 de futurs parents, de d\u00e9couvrir les bienfaits du portage, d\u2019en savoir plus sur la s\u00e9curit\u00e9 du port\u00e9 et du porteur, ou d\u2019\u00eatre rassur\u00e9 dans votre pratique\u00a0? N\u2019h\u00e9sitez pas \u00e0 me contacter pour en discuter et fixer un atelier\u00a0!<\/p><p><strong>Atelier de portage physiologique : 90 euros, 1h15<\/strong><\/p>\t\t\t\t\t\t\t\t<\/div>\n\t\t\t\t<\/div>\n\t\t\t\t\t<\/div>\n\t\t<\/div>\n\t\t\t\t\t<\/div>\n\t\t<\/section>\n\t\t\t\t<section class=\"elementor-section elementor-top-section elementor-element elementor-element-19cf2b2 elementor-section-boxed elementor-section-height-default elementor-section-height-default\" data-id=\"19cf2b2\" data-element_type=\"section\" data-e-type=\"section\" data-settings=\"{&quot;_ha_eqh_enable&quot;:false}\">\n\t\t\t\t\t\t<div class=\"elementor-container elementor-column-gap-default\">\n\t\t\t\t\t<div class=\"elementor-column elementor-col-100 elementor-top-column elementor-element elementor-element-c505e23\" data-id=\"c505e23\" data-element_type=\"column\" data-e-type=\"column\">\n\t\t\t<div class=\"elementor-widget-wrap\">\n\t\t\t\t\t\t\t<\/div>\n\t\t<\/div>\n\t\t\t\t\t<\/div>\n\t\t<\/section>\n\t\t\t\t<\/div>\n\t\t","protected":false},"excerpt":{"rendered":"<p>\u00ab La premi\u00e8re forme de communication per\u00e7ue par un b\u00e9b\u00e9 et le premier langage qu&rsquo;il d\u00e9veloppe passent par la peau. La peau est notre organe le plus vaste et le premier sens \u00e0 \u00eatre actif in utero. La peau permet la plus importante connexion de l\u2019\u00eatre humain avec son environnement. La peau est le pont [&hellip;]<\/p>\n","protected":false},"author":1,"featured_media":0,"parent":0,"menu_order":0,"comment_status":"closed","ping_status":"closed","template":"","meta":{"_seopress_robots_primary_cat":"","_seopress_titles_title":"","_seopress_titles_desc":"","_seopress_robots_index":"","_seopress_analysis_target_kw":"","footnotes":""},"class_list":["post-131","page","type-page","status-publish","hentry"],"_links":{"self":[{"href":"https:\/\/marielaureemond.com\/index.php\/wp-json\/wp\/v2\/pages\/131","targetHints":{"allow":["GET"]}}],"collection":[{"href":"https:\/\/marielaureemond.com\/index.php\/wp-json\/wp\/v2\/pages"}],"about":[{"href":"https:\/\/marielaureemond.com\/index.php\/wp-json\/wp\/v2\/types\/page"}],"author":[{"embeddable":true,"href":"https:\/\/marielaureemond.com\/index.php\/wp-json\/wp\/v2\/users\/1"}],"replies":[{"embeddable":true,"href":"https:\/\/marielaureemond.com\/index.php\/wp-json\/wp\/v2\/comments?post=131"}],"version-history":[{"count":31,"href":"https:\/\/marielaureemond.com\/index.php\/wp-json\/wp\/v2\/pages\/131\/revisions"}],"predecessor-version":[{"id":569,"href":"https:\/\/marielaureemond.com\/index.php\/wp-json\/wp\/v2\/pages\/131\/revisions\/569"}],"wp:attachment":[{"href":"https:\/\/marielaureemond.com\/index.php\/wp-json\/wp\/v2\/media?parent=131"}],"curies":[{"name":"wp","href":"https:\/\/api.w.org\/{rel}","templated":true}]}}